{"id":1681,"date":"2025-03-21T12:42:25","date_gmt":"2025-03-21T10:42:25","guid":{"rendered":"https:\/\/xlentpay.com\/about\/"},"modified":"2026-04-21T15:16:07","modified_gmt":"2026-04-21T13:16:07","slug":"about","status":"publish","type":"page","link":"https:\/\/xlentpay.com\/pt-br\/about\/","title":{"rendered":"Sobre"},"content":{"rendered":"","protected":false},"excerpt":{"rendered":"","protected":false},"author":1,"featured_media":717,"parent":0,"menu_order":0,"comment_status":"closed","ping_status":"closed","template":"template-about.php","meta":{"inline_featured_image":false,"footnotes":""},"class_list":["post-1681","page","type-page","status-publish","has-post-thumbnail","hentry"],"yoast_head":"<!-- This site is optimized with the Yoast SEO plugin v27.5 - https:\/\/yoast.com\/product\/yoast-seo-wordpress\/ -->\n<title>Descubra Nossa Miss\u00e3o em Finan\u00e7as Digitais | XlentPay<\/title>\n<meta name=\"description\" content=\"A XlentPay oferece solu\u00e7\u00f5es de finan\u00e7as digitais seguras e transparentes. Saiba como estamos moldando o futuro da gest\u00e3o de dinheiro em todo o mundo.\" \/>\n<meta name=\"robots\" content=\"index, follow, max-snippet:-1, max-image-preview:large, max-video-preview:-1\" \/>\n<link rel=\"canonical\" href=\"https:\/\/xlentpay.com\/pt-br\/about\/\" \/>\n<meta property=\"og:locale\" content=\"pt_BR\" \/>\n<meta property=\"og:type\" content=\"article\" \/>\n<meta property=\"og:title\" content=\"Descubra Nossa Miss\u00e3o em Finan\u00e7as Digitais | XlentPay\" \/>\n<meta property=\"og:description\" content=\"A XlentPay oferece solu\u00e7\u00f5es de finan\u00e7as digitais seguras e transparentes. Saiba como estamos moldando o futuro da gest\u00e3o de dinheiro em todo o mundo.\" \/>\n<meta property=\"og:url\" content=\"https:\/\/xlentpay.com\/pt-br\/about\/\" \/>\n<meta property=\"og:site_name\" content=\"XlentPay\" \/>\n<meta property=\"article:publisher\" content=\"https:\/\/www.facebook.com\/xlentpay.official\" \/>\n<meta property=\"article:modified_time\" content=\"2026-04-21T13:16:07+00:00\" \/>\n<meta property=\"og:image\" content=\"https:\/\/xlentpay.com\/wp-content\/uploads\/2025\/04\/about1.png\" \/>\n\t<meta property=\"og:image:width\" content=\"1920\" \/>\n\t<meta property=\"og:image:height\" content=\"1080\" \/>\n\t<meta property=\"og:image:type\" content=\"image\/png\" \/>\n<meta name=\"twitter:card\" content=\"summary_large_image\" \/>\n<meta name=\"twitter:site\" content=\"@xlentpay\" \/>\n<meta name=\"twitter:label1\" content=\"Est. tempo de leitura\" \/>\n\t<meta name=\"twitter:data1\" content=\"1 minuto\" \/>\n<script type=\"application\/ld+json\" class=\"yoast-schema-graph\">{\"@context\":\"https:\\\/\\\/schema.org\",\"@graph\":[{\"@type\":\"WebPage\",\"@id\":\"https:\\\/\\\/xlentpay.com\\\/pt-br\\\/about\\\/\",\"url\":\"https:\\\/\\\/xlentpay.com\\\/pt-br\\\/about\\\/\",\"name\":\"Descubra Nossa Miss\u00e3o em Finan\u00e7as Digitais | XlentPay\",\"isPartOf\":{\"@id\":\"https:\\\/\\\/xlentpay.com\\\/pt-br\\\/#website\"},\"primaryImageOfPage\":{\"@id\":\"https:\\\/\\\/xlentpay.com\\\/pt-br\\\/about\\\/#primaryimage\"},\"image\":{\"@id\":\"https:\\\/\\\/xlentpay.com\\\/pt-br\\\/about\\\/#primaryimage\"},\"thumbnailUrl\":\"https:\\\/\\\/xlentpay.com\\\/wp-content\\\/uploads\\\/2025\\\/04\\\/about1.png\",\"datePublished\":\"2025-03-21T10:42:25+00:00\",\"dateModified\":\"2026-04-21T13:16:07+00:00\",\"description\":\"A XlentPay oferece solu\u00e7\u00f5es de finan\u00e7as digitais seguras e transparentes. Saiba como estamos moldando o futuro da gest\u00e3o de dinheiro em todo o mundo.\",\"breadcrumb\":{\"@id\":\"https:\\\/\\\/xlentpay.com\\\/pt-br\\\/about\\\/#breadcrumb\"},\"inLanguage\":\"pt-BR\",\"potentialAction\":[{\"@type\":\"ReadAction\",\"target\":[\"https:\\\/\\\/xlentpay.com\\\/pt-br\\\/about\\\/\"]}]},{\"@type\":\"ImageObject\",\"inLanguage\":\"pt-BR\",\"@id\":\"https:\\\/\\\/xlentpay.com\\\/pt-br\\\/about\\\/#primaryimage\",\"url\":\"https:\\\/\\\/xlentpay.com\\\/wp-content\\\/uploads\\\/2025\\\/04\\\/about1.png\",\"contentUrl\":\"https:\\\/\\\/xlentpay.com\\\/wp-content\\\/uploads\\\/2025\\\/04\\\/about1.png\",\"width\":1920,\"height\":1080},{\"@type\":\"BreadcrumbList\",\"@id\":\"https:\\\/\\\/xlentpay.com\\\/pt-br\\\/about\\\/#breadcrumb\",\"itemListElement\":[{\"@type\":\"ListItem\",\"position\":1,\"name\":\"Home\",\"item\":\"https:\\\/\\\/xlentpay.com\\\/pt-br\\\/\"},{\"@type\":\"ListItem\",\"position\":2,\"name\":\"Sobre\"}]},{\"@type\":\"WebSite\",\"@id\":\"https:\\\/\\\/xlentpay.com\\\/pt-br\\\/#website\",\"url\":\"https:\\\/\\\/xlentpay.com\\\/pt-br\\\/\",\"name\":\"XlentPay\",\"description\":\"Revolutionizing the Way you Manage Money\",\"publisher\":{\"@id\":\"https:\\\/\\\/xlentpay.com\\\/pt-br\\\/#organization\"},\"potentialAction\":[{\"@type\":\"SearchAction\",\"target\":{\"@type\":\"EntryPoint\",\"urlTemplate\":\"https:\\\/\\\/xlentpay.com\\\/pt-br\\\/?s={search_term_string}\"},\"query-input\":{\"@type\":\"PropertyValueSpecification\",\"valueRequired\":true,\"valueName\":\"search_term_string\"}}],\"inLanguage\":\"pt-BR\"},{\"@type\":\"Organization\",\"@id\":\"https:\\\/\\\/xlentpay.com\\\/pt-br\\\/#organization\",\"name\":\"XlentPay Corporation\",\"alternateName\":\"XlentPay\",\"url\":\"https:\\\/\\\/xlentpay.com\\\/pt-br\\\/\",\"logo\":{\"@type\":\"ImageObject\",\"inLanguage\":\"pt-BR\",\"@id\":\"https:\\\/\\\/xlentpay.com\\\/pt-br\\\/#\\\/schema\\\/logo\\\/image\\\/\",\"url\":\"https:\\\/\\\/xlentpay.com\\\/wp-content\\\/uploads\\\/2025\\\/01\\\/logo.png\",\"contentUrl\":\"https:\\\/\\\/xlentpay.com\\\/wp-content\\\/uploads\\\/2025\\\/01\\\/logo.png\",\"width\":280,\"height\":120,\"caption\":\"XlentPay Corporation\"},\"image\":{\"@id\":\"https:\\\/\\\/xlentpay.com\\\/pt-br\\\/#\\\/schema\\\/logo\\\/image\\\/\"},\"sameAs\":[\"https:\\\/\\\/www.facebook.com\\\/xlentpay.official\",\"https:\\\/\\\/x.com\\\/xlentpay\",\"https:\\\/\\\/www.instagram.com\\\/xlentpay\",\"https:\\\/\\\/www.linkedin.com\\\/company\\\/xlentpay\"]}]}<\/script>\n<!-- \/ Yoast SEO plugin. -->","yoast_head_json":{"title":"Descubra Nossa Miss\u00e3o em Finan\u00e7as Digitais | XlentPay","description":"A XlentPay oferece solu\u00e7\u00f5es de finan\u00e7as digitais seguras e transparentes. Saiba como estamos moldando o futuro da gest\u00e3o de dinheiro em todo o mundo.","robots":{"index":"index","follow":"follow","max-snippet":"max-snippet:-1","max-image-preview":"max-image-preview:large","max-video-preview":"max-video-preview:-1"},"canonical":"https:\/\/xlentpay.com\/pt-br\/about\/","og_locale":"pt_BR","og_type":"article","og_title":"Descubra Nossa Miss\u00e3o em Finan\u00e7as Digitais | XlentPay","og_description":"A XlentPay oferece solu\u00e7\u00f5es de finan\u00e7as digitais seguras e transparentes. Saiba como estamos moldando o futuro da gest\u00e3o de dinheiro em todo o mundo.","og_url":"https:\/\/xlentpay.com\/pt-br\/about\/","og_site_name":"XlentPay","article_publisher":"https:\/\/www.facebook.com\/xlentpay.official","article_modified_time":"2026-04-21T13:16:07+00:00","og_image":[{"width":1920,"height":1080,"url":"https:\/\/xlentpay.com\/wp-content\/uploads\/2025\/04\/about1.png","type":"image\/png"}],"twitter_card":"summary_large_image","twitter_site":"@xlentpay","twitter_misc":{"Est. tempo de leitura":"1 minuto"},"schema":{"@context":"https:\/\/schema.org","@graph":[{"@type":"WebPage","@id":"https:\/\/xlentpay.com\/pt-br\/about\/","url":"https:\/\/xlentpay.com\/pt-br\/about\/","name":"Descubra Nossa Miss\u00e3o em Finan\u00e7as Digitais | XlentPay","isPartOf":{"@id":"https:\/\/xlentpay.com\/pt-br\/#website"},"primaryImageOfPage":{"@id":"https:\/\/xlentpay.com\/pt-br\/about\/#primaryimage"},"image":{"@id":"https:\/\/xlentpay.com\/pt-br\/about\/#primaryimage"},"thumbnailUrl":"https:\/\/xlentpay.com\/wp-content\/uploads\/2025\/04\/about1.png","datePublished":"2025-03-21T10:42:25+00:00","dateModified":"2026-04-21T13:16:07+00:00","description":"A XlentPay oferece solu\u00e7\u00f5es de finan\u00e7as digitais seguras e transparentes. Saiba como estamos moldando o futuro da gest\u00e3o de dinheiro em todo o mundo.","breadcrumb":{"@id":"https:\/\/xlentpay.com\/pt-br\/about\/#breadcrumb"},"inLanguage":"pt-BR","potentialAction":[{"@type":"ReadAction","target":["https:\/\/xlentpay.com\/pt-br\/about\/"]}]},{"@type":"ImageObject","inLanguage":"pt-BR","@id":"https:\/\/xlentpay.com\/pt-br\/about\/#primaryimage","url":"https:\/\/xlentpay.com\/wp-content\/uploads\/2025\/04\/about1.png","contentUrl":"https:\/\/xlentpay.com\/wp-content\/uploads\/2025\/04\/about1.png","width":1920,"height":1080},{"@type":"BreadcrumbList","@id":"https:\/\/xlentpay.com\/pt-br\/about\/#breadcrumb","itemListElement":[{"@type":"ListItem","position":1,"name":"Home","item":"https:\/\/xlentpay.com\/pt-br\/"},{"@type":"ListItem","position":2,"name":"Sobre"}]},{"@type":"WebSite","@id":"https:\/\/xlentpay.com\/pt-br\/#website","url":"https:\/\/xlentpay.com\/pt-br\/","name":"XlentPay","description":"Revolutionizing the Way you Manage Money","publisher":{"@id":"https:\/\/xlentpay.com\/pt-br\/#organization"},"potentialAction":[{"@type":"SearchAction","target":{"@type":"EntryPoint","urlTemplate":"https:\/\/xlentpay.com\/pt-br\/?s={search_term_string}"},"query-input":{"@type":"PropertyValueSpecification","valueRequired":true,"valueName":"search_term_string"}}],"inLanguage":"pt-BR"},{"@type":"Organization","@id":"https:\/\/xlentpay.com\/pt-br\/#organization","name":"XlentPay Corporation","alternateName":"XlentPay","url":"https:\/\/xlentpay.com\/pt-br\/","logo":{"@type":"ImageObject","inLanguage":"pt-BR","@id":"https:\/\/xlentpay.com\/pt-br\/#\/schema\/logo\/image\/","url":"https:\/\/xlentpay.com\/wp-content\/uploads\/2025\/01\/logo.png","contentUrl":"https:\/\/xlentpay.com\/wp-content\/uploads\/2025\/01\/logo.png","width":280,"height":120,"caption":"XlentPay Corporation"},"image":{"@id":"https:\/\/xlentpay.com\/pt-br\/#\/schema\/logo\/image\/"},"sameAs":["https:\/\/www.facebook.com\/xlentpay.official","https:\/\/x.com\/xlentpay","https:\/\/www.instagram.com\/xlentpay","https:\/\/www.linkedin.com\/company\/xlentpay"]}]}},"_links":{"self":[{"href":"https:\/\/xlentpay.com\/pt-br\/wp-json\/wp\/v2\/pages\/1681","targetHints":{"allow":["GET"]}}],"collection":[{"href":"https:\/\/xlentpay.com\/pt-br\/wp-json\/wp\/v2\/pages"}],"about":[{"href":"https:\/\/xlentpay.com\/pt-br\/wp-json\/wp\/v2\/types\/page"}],"author":[{"embeddable":true,"href":"https:\/\/xlentpay.com\/pt-br\/wp-json\/wp\/v2\/users\/1"}],"replies":[{"embeddable":true,"href":"https:\/\/xlentpay.com\/pt-br\/wp-json\/wp\/v2\/comments?post=1681"}],"version-history":[{"count":2,"href":"https:\/\/xlentpay.com\/pt-br\/wp-json\/wp\/v2\/pages\/1681\/revisions"}],"predecessor-version":[{"id":1683,"href":"https:\/\/xlentpay.com\/pt-br\/wp-json\/wp\/v2\/pages\/1681\/revisions\/1683"}],"wp:featuredmedia":[{"embeddable":true,"href":"https:\/\/xlentpay.com\/pt-br\/wp-json\/wp\/v2\/media\/717"}],"wp:attachment":[{"href":"https:\/\/xlentpay.com\/pt-br\/wp-json\/wp\/v2\/media?parent=1681"}],"curies":[{"name":"wp","href":"https:\/\/api.w.org\/{rel}","templated":true}]}}