{"id":1354,"date":"2026-03-13T12:05:45","date_gmt":"2026-03-13T10:05:45","guid":{"rendered":"https:\/\/xlentpay.com\/introducer-thank-you\/"},"modified":"2026-04-20T08:51:16","modified_gmt":"2026-04-20T06:51:16","slug":"introducer-thank-you","status":"publish","type":"page","link":"https:\/\/xlentpay.com\/fr\/introducer-thank-you\/","title":{"rendered":"Merci"},"content":{"rendered":"<h1>Merci!<\/h1>\n<h4>Votre <strong>soumission d\u2019introducteur XlentPay<\/strong> a \u00e9t\u00e9 compl\u00e9t\u00e9e avec succ\u00e8s.<\/h4>\n<p>Nous l\u2019examinerons et reviendrons vers vous sous peu.<br \/>\nNotre \u00e9quipe est \u00e9galement disponible via le <a href=\"https:\/\/xlentpay.com\/fr\/help-center\/\" target=\"_blank\" rel=\"noopener\">Centre d\u2019aide<\/a> pour toute question.<\/p>\n","protected":false},"excerpt":{"rendered":"<p>Merci! Votre soumission d\u2019introducteur XlentPay a \u00e9t\u00e9 compl\u00e9t\u00e9e avec succ\u00e8s. Nous l\u2019examinerons et reviendrons vers vous sous peu. Notre \u00e9quipe&#8230;<\/p>\n","protected":false},"author":1,"featured_media":0,"parent":0,"menu_order":0,"comment_status":"closed","ping_status":"closed","template":"template-thank-you-lp.php","meta":{"inline_featured_image":false,"footnotes":""},"class_list":["post-1354","page","type-page","status-publish","hentry"],"yoast_head":"<!-- This site is optimized with the Yoast SEO plugin v27.4 - https:\/\/yoast.com\/product\/yoast-seo-wordpress\/ -->\n<title>Merci | XlentPay<\/title>\n<meta name=\"robots\" content=\"index, follow, max-snippet:-1, max-image-preview:large, max-video-preview:-1\" \/>\n<link rel=\"canonical\" href=\"https:\/\/xlentpay.com\/fr\/introducer-thank-you\/\" \/>\n<meta property=\"og:locale\" content=\"fr_FR\" \/>\n<meta property=\"og:type\" content=\"article\" \/>\n<meta property=\"og:title\" content=\"Merci | XlentPay\" \/>\n<meta property=\"og:description\" content=\"Merci! Votre soumission d\u2019introducteur XlentPay a \u00e9t\u00e9 compl\u00e9t\u00e9e avec succ\u00e8s. Nous l\u2019examinerons et reviendrons vers vous sous peu. Notre \u00e9quipe...\" \/>\n<meta property=\"og:url\" content=\"https:\/\/xlentpay.com\/fr\/introducer-thank-you\/\" \/>\n<meta property=\"og:site_name\" content=\"XlentPay\" \/>\n<meta property=\"article:publisher\" content=\"https:\/\/www.facebook.com\/xlentpay.official\" \/>\n<meta property=\"article:modified_time\" content=\"2026-04-20T06:51:16+00:00\" \/>\n<meta property=\"og:image\" content=\"https:\/\/xlentpay.com\/wp-content\/uploads\/2025\/01\/yoast-img.png\" \/>\n\t<meta property=\"og:image:width\" content=\"1200\" \/>\n\t<meta property=\"og:image:height\" content=\"674\" \/>\n\t<meta property=\"og:image:type\" content=\"image\/png\" \/>\n<meta name=\"twitter:card\" content=\"summary_large_image\" \/>\n<meta name=\"twitter:site\" content=\"@xlentpay\" \/>\n<meta name=\"twitter:label1\" content=\"Dur\u00e9e de lecture estim\u00e9e\" \/>\n\t<meta name=\"twitter:data1\" content=\"1 minute\" \/>\n<script type=\"application\/ld+json\" class=\"yoast-schema-graph\">{\"@context\":\"https:\\\/\\\/schema.org\",\"@graph\":[{\"@type\":\"WebPage\",\"@id\":\"https:\\\/\\\/xlentpay.com\\\/fr\\\/introducer-thank-you\\\/\",\"url\":\"https:\\\/\\\/xlentpay.com\\\/fr\\\/introducer-thank-you\\\/\",\"name\":\"Merci | XlentPay\",\"isPartOf\":{\"@id\":\"https:\\\/\\\/xlentpay.com\\\/fr\\\/#website\"},\"datePublished\":\"2026-03-13T10:05:45+00:00\",\"dateModified\":\"2026-04-20T06:51:16+00:00\",\"breadcrumb\":{\"@id\":\"https:\\\/\\\/xlentpay.com\\\/fr\\\/introducer-thank-you\\\/#breadcrumb\"},\"inLanguage\":\"fr-FR\",\"potentialAction\":[{\"@type\":\"ReadAction\",\"target\":[\"https:\\\/\\\/xlentpay.com\\\/fr\\\/introducer-thank-you\\\/\"]}]},{\"@type\":\"BreadcrumbList\",\"@id\":\"https:\\\/\\\/xlentpay.com\\\/fr\\\/introducer-thank-you\\\/#breadcrumb\",\"itemListElement\":[{\"@type\":\"ListItem\",\"position\":1,\"name\":\"Home\",\"item\":\"https:\\\/\\\/xlentpay.com\\\/fr\\\/\"},{\"@type\":\"ListItem\",\"position\":2,\"name\":\"Merci\"}]},{\"@type\":\"WebSite\",\"@id\":\"https:\\\/\\\/xlentpay.com\\\/fr\\\/#website\",\"url\":\"https:\\\/\\\/xlentpay.com\\\/fr\\\/\",\"name\":\"XlentPay\",\"description\":\"Revolutionizing the Way you Manage Money\",\"publisher\":{\"@id\":\"https:\\\/\\\/xlentpay.com\\\/fr\\\/#organization\"},\"potentialAction\":[{\"@type\":\"SearchAction\",\"target\":{\"@type\":\"EntryPoint\",\"urlTemplate\":\"https:\\\/\\\/xlentpay.com\\\/fr\\\/?s={search_term_string}\"},\"query-input\":{\"@type\":\"PropertyValueSpecification\",\"valueRequired\":true,\"valueName\":\"search_term_string\"}}],\"inLanguage\":\"fr-FR\"},{\"@type\":\"Organization\",\"@id\":\"https:\\\/\\\/xlentpay.com\\\/fr\\\/#organization\",\"name\":\"XlentPay Corporation\",\"alternateName\":\"XlentPay\",\"url\":\"https:\\\/\\\/xlentpay.com\\\/fr\\\/\",\"logo\":{\"@type\":\"ImageObject\",\"inLanguage\":\"fr-FR\",\"@id\":\"https:\\\/\\\/xlentpay.com\\\/fr\\\/#\\\/schema\\\/logo\\\/image\\\/\",\"url\":\"https:\\\/\\\/xlentpay.com\\\/wp-content\\\/uploads\\\/2025\\\/01\\\/logo.png\",\"contentUrl\":\"https:\\\/\\\/xlentpay.com\\\/wp-content\\\/uploads\\\/2025\\\/01\\\/logo.png\",\"width\":280,\"height\":120,\"caption\":\"XlentPay Corporation\"},\"image\":{\"@id\":\"https:\\\/\\\/xlentpay.com\\\/fr\\\/#\\\/schema\\\/logo\\\/image\\\/\"},\"sameAs\":[\"https:\\\/\\\/www.facebook.com\\\/xlentpay.official\",\"https:\\\/\\\/x.com\\\/xlentpay\",\"https:\\\/\\\/www.instagram.com\\\/xlentpay\",\"https:\\\/\\\/www.linkedin.com\\\/company\\\/xlentpay\"]}]}<\/script>\n<!-- \/ Yoast SEO plugin. -->","yoast_head_json":{"title":"Merci | XlentPay","robots":{"index":"index","follow":"follow","max-snippet":"max-snippet:-1","max-image-preview":"max-image-preview:large","max-video-preview":"max-video-preview:-1"},"canonical":"https:\/\/xlentpay.com\/fr\/introducer-thank-you\/","og_locale":"fr_FR","og_type":"article","og_title":"Merci | XlentPay","og_description":"Merci! Votre soumission d\u2019introducteur XlentPay a \u00e9t\u00e9 compl\u00e9t\u00e9e avec succ\u00e8s. Nous l\u2019examinerons et reviendrons vers vous sous peu. Notre \u00e9quipe...","og_url":"https:\/\/xlentpay.com\/fr\/introducer-thank-you\/","og_site_name":"XlentPay","article_publisher":"https:\/\/www.facebook.com\/xlentpay.official","article_modified_time":"2026-04-20T06:51:16+00:00","og_image":[{"width":1200,"height":674,"url":"https:\/\/xlentpay.com\/wp-content\/uploads\/2025\/01\/yoast-img.png","type":"image\/png"}],"twitter_card":"summary_large_image","twitter_site":"@xlentpay","twitter_misc":{"Dur\u00e9e de lecture estim\u00e9e":"1 minute"},"schema":{"@context":"https:\/\/schema.org","@graph":[{"@type":"WebPage","@id":"https:\/\/xlentpay.com\/fr\/introducer-thank-you\/","url":"https:\/\/xlentpay.com\/fr\/introducer-thank-you\/","name":"Merci | XlentPay","isPartOf":{"@id":"https:\/\/xlentpay.com\/fr\/#website"},"datePublished":"2026-03-13T10:05:45+00:00","dateModified":"2026-04-20T06:51:16+00:00","breadcrumb":{"@id":"https:\/\/xlentpay.com\/fr\/introducer-thank-you\/#breadcrumb"},"inLanguage":"fr-FR","potentialAction":[{"@type":"ReadAction","target":["https:\/\/xlentpay.com\/fr\/introducer-thank-you\/"]}]},{"@type":"BreadcrumbList","@id":"https:\/\/xlentpay.com\/fr\/introducer-thank-you\/#breadcrumb","itemListElement":[{"@type":"ListItem","position":1,"name":"Home","item":"https:\/\/xlentpay.com\/fr\/"},{"@type":"ListItem","position":2,"name":"Merci"}]},{"@type":"WebSite","@id":"https:\/\/xlentpay.com\/fr\/#website","url":"https:\/\/xlentpay.com\/fr\/","name":"XlentPay","description":"Revolutionizing the Way you Manage Money","publisher":{"@id":"https:\/\/xlentpay.com\/fr\/#organization"},"potentialAction":[{"@type":"SearchAction","target":{"@type":"EntryPoint","urlTemplate":"https:\/\/xlentpay.com\/fr\/?s={search_term_string}"},"query-input":{"@type":"PropertyValueSpecification","valueRequired":true,"valueName":"search_term_string"}}],"inLanguage":"fr-FR"},{"@type":"Organization","@id":"https:\/\/xlentpay.com\/fr\/#organization","name":"XlentPay Corporation","alternateName":"XlentPay","url":"https:\/\/xlentpay.com\/fr\/","logo":{"@type":"ImageObject","inLanguage":"fr-FR","@id":"https:\/\/xlentpay.com\/fr\/#\/schema\/logo\/image\/","url":"https:\/\/xlentpay.com\/wp-content\/uploads\/2025\/01\/logo.png","contentUrl":"https:\/\/xlentpay.com\/wp-content\/uploads\/2025\/01\/logo.png","width":280,"height":120,"caption":"XlentPay Corporation"},"image":{"@id":"https:\/\/xlentpay.com\/fr\/#\/schema\/logo\/image\/"},"sameAs":["https:\/\/www.facebook.com\/xlentpay.official","https:\/\/x.com\/xlentpay","https:\/\/www.instagram.com\/xlentpay","https:\/\/www.linkedin.com\/company\/xlentpay"]}]}},"_links":{"self":[{"href":"https:\/\/xlentpay.com\/fr\/wp-json\/wp\/v2\/pages\/1354","targetHints":{"allow":["GET"]}}],"collection":[{"href":"https:\/\/xlentpay.com\/fr\/wp-json\/wp\/v2\/pages"}],"about":[{"href":"https:\/\/xlentpay.com\/fr\/wp-json\/wp\/v2\/types\/page"}],"author":[{"embeddable":true,"href":"https:\/\/xlentpay.com\/fr\/wp-json\/wp\/v2\/users\/1"}],"replies":[{"embeddable":true,"href":"https:\/\/xlentpay.com\/fr\/wp-json\/wp\/v2\/comments?post=1354"}],"version-history":[{"count":1,"href":"https:\/\/xlentpay.com\/fr\/wp-json\/wp\/v2\/pages\/1354\/revisions"}],"predecessor-version":[{"id":1355,"href":"https:\/\/xlentpay.com\/fr\/wp-json\/wp\/v2\/pages\/1354\/revisions\/1355"}],"wp:attachment":[{"href":"https:\/\/xlentpay.com\/fr\/wp-json\/wp\/v2\/media?parent=1354"}],"curies":[{"name":"wp","href":"https:\/\/api.w.org\/{rel}","templated":true}]}}