{"id":1319,"date":"2026-03-04T10:02:15","date_gmt":"2026-03-04T08:02:15","guid":{"rendered":"https:\/\/xlentpay.com\/privacy-and-data-rights\/"},"modified":"2026-04-20T08:56:02","modified_gmt":"2026-04-20T06:56:02","slug":"privacy-data-rights","status":"publish","type":"page","link":"https:\/\/xlentpay.com\/fr\/privacy-data-rights\/","title":{"rendered":"Confidentialit\u00e9 et droits sur les donn\u00e9es"},"content":{"rendered":"<p>Votre contr\u00f4le, vos donn\u00e9es \u2014 chez XlentPay, nous nous engageons \u00e0 garder vos informations personnelles s\u00e9curis\u00e9es, transparentes et enti\u00e8rement entre vos mains, en veillant \u00e0 ce que vous compreniez toujours comment elles sont utilis\u00e9es et prot\u00e9g\u00e9es.<\/p>\n","protected":false},"excerpt":{"rendered":"<p>Votre contr\u00f4le, vos donn\u00e9es \u2014 chez XlentPay, nous nous engageons \u00e0 garder vos informations personnelles s\u00e9curis\u00e9es, transparentes et enti\u00e8rement entre&#8230;<\/p>\n","protected":false},"author":1,"featured_media":0,"parent":0,"menu_order":0,"comment_status":"closed","ping_status":"closed","template":"template-data-rights.php","meta":{"inline_featured_image":false,"footnotes":""},"class_list":["post-1319","page","type-page","status-publish","hentry"],"yoast_head":"<!-- This site is optimized with the Yoast SEO plugin v27.4 - https:\/\/yoast.com\/product\/yoast-seo-wordpress\/ -->\n<title>Confidentialit\u00e9 et droits sur les donn\u00e9es | XlentPay<\/title>\n<meta name=\"robots\" content=\"index, follow, max-snippet:-1, max-image-preview:large, max-video-preview:-1\" \/>\n<link rel=\"canonical\" href=\"https:\/\/xlentpay.com\/fr\/privacy-data-rights\/\" \/>\n<meta property=\"og:locale\" content=\"fr_FR\" \/>\n<meta property=\"og:type\" content=\"article\" \/>\n<meta property=\"og:title\" content=\"Confidentialit\u00e9 et droits sur les donn\u00e9es | XlentPay\" \/>\n<meta property=\"og:description\" content=\"Votre contr\u00f4le, vos donn\u00e9es \u2014 chez XlentPay, nous nous engageons \u00e0 garder vos informations personnelles s\u00e9curis\u00e9es, transparentes et enti\u00e8rement entre...\" \/>\n<meta property=\"og:url\" content=\"https:\/\/xlentpay.com\/fr\/privacy-data-rights\/\" \/>\n<meta property=\"og:site_name\" content=\"XlentPay\" \/>\n<meta property=\"article:publisher\" content=\"https:\/\/www.facebook.com\/xlentpay.official\" \/>\n<meta property=\"article:modified_time\" content=\"2026-04-20T06:56:02+00:00\" \/>\n<meta property=\"og:image\" content=\"https:\/\/xlentpay.com\/wp-content\/uploads\/2025\/01\/yoast-img.png\" \/>\n\t<meta property=\"og:image:width\" content=\"1200\" \/>\n\t<meta property=\"og:image:height\" content=\"674\" \/>\n\t<meta property=\"og:image:type\" content=\"image\/png\" \/>\n<meta name=\"twitter:card\" content=\"summary_large_image\" \/>\n<meta name=\"twitter:site\" content=\"@xlentpay\" \/>\n<meta name=\"twitter:label1\" content=\"Dur\u00e9e de lecture estim\u00e9e\" \/>\n\t<meta name=\"twitter:data1\" content=\"1 minute\" \/>\n<script type=\"application\/ld+json\" class=\"yoast-schema-graph\">{\"@context\":\"https:\\\/\\\/schema.org\",\"@graph\":[{\"@type\":\"WebPage\",\"@id\":\"https:\\\/\\\/xlentpay.com\\\/fr\\\/privacy-data-rights\\\/\",\"url\":\"https:\\\/\\\/xlentpay.com\\\/fr\\\/privacy-data-rights\\\/\",\"name\":\"Confidentialit\u00e9 et droits sur les donn\u00e9es | XlentPay\",\"isPartOf\":{\"@id\":\"https:\\\/\\\/xlentpay.com\\\/fr\\\/#website\"},\"datePublished\":\"2026-03-04T08:02:15+00:00\",\"dateModified\":\"2026-04-20T06:56:02+00:00\",\"breadcrumb\":{\"@id\":\"https:\\\/\\\/xlentpay.com\\\/fr\\\/privacy-data-rights\\\/#breadcrumb\"},\"inLanguage\":\"fr-FR\",\"potentialAction\":[{\"@type\":\"ReadAction\",\"target\":[\"https:\\\/\\\/xlentpay.com\\\/fr\\\/privacy-data-rights\\\/\"]}]},{\"@type\":\"BreadcrumbList\",\"@id\":\"https:\\\/\\\/xlentpay.com\\\/fr\\\/privacy-data-rights\\\/#breadcrumb\",\"itemListElement\":[{\"@type\":\"ListItem\",\"position\":1,\"name\":\"Home\",\"item\":\"https:\\\/\\\/xlentpay.com\\\/fr\\\/\"},{\"@type\":\"ListItem\",\"position\":2,\"name\":\"Confidentialit\u00e9 et droits sur les donn\u00e9es\"}]},{\"@type\":\"WebSite\",\"@id\":\"https:\\\/\\\/xlentpay.com\\\/fr\\\/#website\",\"url\":\"https:\\\/\\\/xlentpay.com\\\/fr\\\/\",\"name\":\"XlentPay\",\"description\":\"Revolutionizing the Way you Manage Money\",\"publisher\":{\"@id\":\"https:\\\/\\\/xlentpay.com\\\/fr\\\/#organization\"},\"potentialAction\":[{\"@type\":\"SearchAction\",\"target\":{\"@type\":\"EntryPoint\",\"urlTemplate\":\"https:\\\/\\\/xlentpay.com\\\/fr\\\/?s={search_term_string}\"},\"query-input\":{\"@type\":\"PropertyValueSpecification\",\"valueRequired\":true,\"valueName\":\"search_term_string\"}}],\"inLanguage\":\"fr-FR\"},{\"@type\":\"Organization\",\"@id\":\"https:\\\/\\\/xlentpay.com\\\/fr\\\/#organization\",\"name\":\"XlentPay Corporation\",\"alternateName\":\"XlentPay\",\"url\":\"https:\\\/\\\/xlentpay.com\\\/fr\\\/\",\"logo\":{\"@type\":\"ImageObject\",\"inLanguage\":\"fr-FR\",\"@id\":\"https:\\\/\\\/xlentpay.com\\\/fr\\\/#\\\/schema\\\/logo\\\/image\\\/\",\"url\":\"https:\\\/\\\/xlentpay.com\\\/wp-content\\\/uploads\\\/2025\\\/01\\\/logo.png\",\"contentUrl\":\"https:\\\/\\\/xlentpay.com\\\/wp-content\\\/uploads\\\/2025\\\/01\\\/logo.png\",\"width\":280,\"height\":120,\"caption\":\"XlentPay Corporation\"},\"image\":{\"@id\":\"https:\\\/\\\/xlentpay.com\\\/fr\\\/#\\\/schema\\\/logo\\\/image\\\/\"},\"sameAs\":[\"https:\\\/\\\/www.facebook.com\\\/xlentpay.official\",\"https:\\\/\\\/x.com\\\/xlentpay\",\"https:\\\/\\\/www.instagram.com\\\/xlentpay\",\"https:\\\/\\\/www.linkedin.com\\\/company\\\/xlentpay\"]}]}<\/script>\n<!-- \/ Yoast SEO plugin. -->","yoast_head_json":{"title":"Confidentialit\u00e9 et droits sur les donn\u00e9es | XlentPay","robots":{"index":"index","follow":"follow","max-snippet":"max-snippet:-1","max-image-preview":"max-image-preview:large","max-video-preview":"max-video-preview:-1"},"canonical":"https:\/\/xlentpay.com\/fr\/privacy-data-rights\/","og_locale":"fr_FR","og_type":"article","og_title":"Confidentialit\u00e9 et droits sur les donn\u00e9es | XlentPay","og_description":"Votre contr\u00f4le, vos donn\u00e9es \u2014 chez XlentPay, nous nous engageons \u00e0 garder vos informations personnelles s\u00e9curis\u00e9es, transparentes et enti\u00e8rement entre...","og_url":"https:\/\/xlentpay.com\/fr\/privacy-data-rights\/","og_site_name":"XlentPay","article_publisher":"https:\/\/www.facebook.com\/xlentpay.official","article_modified_time":"2026-04-20T06:56:02+00:00","og_image":[{"width":1200,"height":674,"url":"https:\/\/xlentpay.com\/wp-content\/uploads\/2025\/01\/yoast-img.png","type":"image\/png"}],"twitter_card":"summary_large_image","twitter_site":"@xlentpay","twitter_misc":{"Dur\u00e9e de lecture estim\u00e9e":"1 minute"},"schema":{"@context":"https:\/\/schema.org","@graph":[{"@type":"WebPage","@id":"https:\/\/xlentpay.com\/fr\/privacy-data-rights\/","url":"https:\/\/xlentpay.com\/fr\/privacy-data-rights\/","name":"Confidentialit\u00e9 et droits sur les donn\u00e9es | XlentPay","isPartOf":{"@id":"https:\/\/xlentpay.com\/fr\/#website"},"datePublished":"2026-03-04T08:02:15+00:00","dateModified":"2026-04-20T06:56:02+00:00","breadcrumb":{"@id":"https:\/\/xlentpay.com\/fr\/privacy-data-rights\/#breadcrumb"},"inLanguage":"fr-FR","potentialAction":[{"@type":"ReadAction","target":["https:\/\/xlentpay.com\/fr\/privacy-data-rights\/"]}]},{"@type":"BreadcrumbList","@id":"https:\/\/xlentpay.com\/fr\/privacy-data-rights\/#breadcrumb","itemListElement":[{"@type":"ListItem","position":1,"name":"Home","item":"https:\/\/xlentpay.com\/fr\/"},{"@type":"ListItem","position":2,"name":"Confidentialit\u00e9 et droits sur les donn\u00e9es"}]},{"@type":"WebSite","@id":"https:\/\/xlentpay.com\/fr\/#website","url":"https:\/\/xlentpay.com\/fr\/","name":"XlentPay","description":"Revolutionizing the Way you Manage Money","publisher":{"@id":"https:\/\/xlentpay.com\/fr\/#organization"},"potentialAction":[{"@type":"SearchAction","target":{"@type":"EntryPoint","urlTemplate":"https:\/\/xlentpay.com\/fr\/?s={search_term_string}"},"query-input":{"@type":"PropertyValueSpecification","valueRequired":true,"valueName":"search_term_string"}}],"inLanguage":"fr-FR"},{"@type":"Organization","@id":"https:\/\/xlentpay.com\/fr\/#organization","name":"XlentPay Corporation","alternateName":"XlentPay","url":"https:\/\/xlentpay.com\/fr\/","logo":{"@type":"ImageObject","inLanguage":"fr-FR","@id":"https:\/\/xlentpay.com\/fr\/#\/schema\/logo\/image\/","url":"https:\/\/xlentpay.com\/wp-content\/uploads\/2025\/01\/logo.png","contentUrl":"https:\/\/xlentpay.com\/wp-content\/uploads\/2025\/01\/logo.png","width":280,"height":120,"caption":"XlentPay Corporation"},"image":{"@id":"https:\/\/xlentpay.com\/fr\/#\/schema\/logo\/image\/"},"sameAs":["https:\/\/www.facebook.com\/xlentpay.official","https:\/\/x.com\/xlentpay","https:\/\/www.instagram.com\/xlentpay","https:\/\/www.linkedin.com\/company\/xlentpay"]}]}},"_links":{"self":[{"href":"https:\/\/xlentpay.com\/fr\/wp-json\/wp\/v2\/pages\/1319","targetHints":{"allow":["GET"]}}],"collection":[{"href":"https:\/\/xlentpay.com\/fr\/wp-json\/wp\/v2\/pages"}],"about":[{"href":"https:\/\/xlentpay.com\/fr\/wp-json\/wp\/v2\/types\/page"}],"author":[{"embeddable":true,"href":"https:\/\/xlentpay.com\/fr\/wp-json\/wp\/v2\/users\/1"}],"replies":[{"embeddable":true,"href":"https:\/\/xlentpay.com\/fr\/wp-json\/wp\/v2\/comments?post=1319"}],"version-history":[{"count":2,"href":"https:\/\/xlentpay.com\/fr\/wp-json\/wp\/v2\/pages\/1319\/revisions"}],"predecessor-version":[{"id":1321,"href":"https:\/\/xlentpay.com\/fr\/wp-json\/wp\/v2\/pages\/1319\/revisions\/1321"}],"wp:attachment":[{"href":"https:\/\/xlentpay.com\/fr\/wp-json\/wp\/v2\/media?parent=1319"}],"curies":[{"name":"wp","href":"https:\/\/api.w.org\/{rel}","templated":true}]}}