{"id":1458,"date":"2025-06-10T15:19:48","date_gmt":"2025-06-10T13:19:48","guid":{"rendered":"https:\/\/xlentpay.com\/non-solicitation-policy\/"},"modified":"2026-04-20T15:09:42","modified_gmt":"2026-04-20T13:09:42","slug":"non-solicitation-policy","status":"publish","type":"page","link":"https:\/\/xlentpay.com\/es\/non-solicitation-policy\/","title":{"rendered":"Pol\u00edtica de no captaci\u00f3n"},"content":{"rendered":"<p><span style=\"text-decoration: underline;\">Fecha de Entrada en Vigor:<\/span> 16.04.2025<\/p>\n<p><span style=\"text-decoration: underline;\">Nombre de la Entidad:<\/span> Xlentpay Corporation<\/p>\n<p><span style=\"text-decoration: underline;\">N\u00famero de Autorizaci\u00f3n:<\/span> C100000337<\/p>\n<p><span style=\"text-decoration: underline;\">Jurisdicci\u00f3n:<\/span> Canad\u00e1<\/p>\n<p><span style=\"text-decoration: underline;\">Autoridad reguladora:<\/span> Financial Transactions and Reports Analysis Centre of Canada (FINTRAC)<\/p>\n<h3>1. Prop\u00f3sito<\/h3>\n<p>Esta Pol\u00edtica de Solicitud Inversa describe los principios y procedimientos adoptados por Xlentpay Corporation (\u201cla Compa\u00f1\u00eda\u201d) para garantizar el cumplimiento de las leyes y regulaciones aplicables en Canad\u00e1 e internacionalmente. Est\u00e1 dise\u00f1ada para demostrar que la Compa\u00f1\u00eda no participa en la captaci\u00f3n activa ni en la comercializaci\u00f3n de sus servicios fuera de las jurisdicciones en las que est\u00e1 legalmente autorizada a operar.<\/p>\n<h3>2. Alcance<\/h3>\n<p>Esta pol\u00edtica se aplica a todos los servicios prestados por la Compa\u00f1\u00eda y regula la incorporaci\u00f3n de clientes que residen fuera de Canad\u00e1. Es aplicable a todo el personal, representantes, agentes, afiliados y cualquier otro tercero que act\u00fae en nombre de la Compa\u00f1\u00eda.<\/p>\n<h3>3. Marco regulatorio<\/h3>\n<p><span style=\"text-decoration: underline;\">La Compa\u00f1\u00eda est\u00e1 debidamente registrada y autorizada como Money Services Business (MSB) en Canad\u00e1 y autorizada por FINTRAC con el n\u00famero de autorizaci\u00f3n C100000337. Aunque la Compa\u00f1\u00eda est\u00e1 autorizada a ofrecer servicios a clientes en todo el mundo, lo hace estrictamente bajo el principio de solicitud inversa, lo que significa:<\/span><\/p>\n<ul>\n<li>El cliente debe iniciar el contacto con la Compa\u00f1\u00eda.<\/li>\n<li>La Compa\u00f1\u00eda no publicita, promociona ni comercializa de ninguna otra forma sus servicios a residentes de jurisdicciones fuera de Canad\u00e1 donde no posea las licencias o autorizaciones regulatorias correspondientes.<\/li>\n<\/ul>\n<h3>4. Definici\u00f3n de solicitud inversa<\/h3>\n<p><span style=\"text-decoration: underline;\">La Solicitud Inversa se refiere a una situaci\u00f3n en la que un cliente potencial inicia el contacto con la Compa\u00f1\u00eda, sin ninguna captaci\u00f3n o acci\u00f3n de marketing previa por parte de la Compa\u00f1\u00eda o sus representantes en la jurisdicci\u00f3n del cliente. Esto incluye:<\/span><\/p>\n<ul>\n<li>Visitar nuestro sitio web de forma independiente (no a trav\u00e9s de anuncios geolocalizados).<\/li>\n<li>Contactar directamente con la Compa\u00f1\u00eda por correo electr\u00f3nico, tel\u00e9fono o formularios en l\u00ednea.<\/li>\n<li>Interactuar con la Compa\u00f1\u00eda tras haber sido referido por otro cliente, sin incentivo ni publicidad por parte de la Compa\u00f1\u00eda.<\/li>\n<\/ul>\n<p><em>XlentPay es una marca de XlentPay Corporation, registrada en Canad\u00e1 con el n\u00famero 1616307-6 y autorizada por FINTRAC con el n\u00famero C100000337.<\/em><\/p>\n<h3>5. No Marketing o Captaci\u00f3n en el Extranjero<\/h3>\n<p><u>Para garantizar el cumplimiento:<\/u><\/p>\n<ul>\n<li>La Compa\u00f1\u00eda no realiza ni autoriza campa\u00f1as de marketing, actividades promocionales ni acciones de relaciones p\u00fablicas en jurisdicciones donde no cuenta con la autorizaci\u00f3n regulatoria correspondiente.<\/li>\n<li>La Compa\u00f1\u00eda no participa en la captaci\u00f3n directa de clientes en pa\u00edses extranjeros mediante correo electr\u00f3nico, llamadas telef\u00f3nicas, publicidad en redes sociales o intermediarios locales.<\/li>\n<li>Ning\u00fan lenguaje, imagen o contenido en nuestro sitio web, plataformas o documentaci\u00f3n constituir\u00e1 una invitaci\u00f3n dirigida a residentes de jurisdicciones fuera de Canad\u00e1, salvo que est\u00e9 debidamente autorizado o exento conforme a la legislaci\u00f3n local.<\/li>\n<\/ul>\n<h3>6. Incorporaci\u00f3n de Clientes Fuera de Canad\u00e1<\/h3>\n<p><u>Los clientes que residan fuera de Canad\u00e1 pueden ser incorporados bajo las siguientes condiciones:<\/u><\/p>\n<ul>\n<li>El cliente contacta a la Compa\u00f1\u00eda de forma independiente y voluntaria.<\/li>\n<li>El cliente, al aceptar nuestros T\u00e9rminos y Condiciones, reconoce que inici\u00f3 el contacto con la Compa\u00f1\u00eda sin ninguna captaci\u00f3n previa.<\/li>\n<li>El cliente entiende que la Compa\u00f1\u00eda opera bajo las leyes y regulaciones de Canad\u00e1, y que su relaci\u00f3n se regir\u00e1 en consecuencia.<\/li>\n<\/ul>\n<h3>7. Documentaci\u00f3n y mantenimiento de registros<\/h3>\n<p><u>La Compa\u00f1\u00eda mantiene registros adecuados de:<\/u><\/p>\n<ul>\n<li>El m\u00e9todo mediante el cual cada cliente no canadiense realiz\u00f3 el primer contacto.<\/li>\n<li>La declaraci\u00f3n firmada de solicitud inversa que confirma la iniciativa voluntaria del cliente.<\/li>\n<li>Todas las comunicaciones que evidencian la ausencia de captaci\u00f3n iniciada por la Compa\u00f1\u00eda.<\/li>\n<\/ul>\n<p>Estos registros se conservan de acuerdo con los requisitos de cumplimiento de FINTRAC y de prevenci\u00f3n de blanqueo de capitales (AML).<\/p>\n<h3>8. Cumplimiento y Formaci\u00f3n<\/h3>\n<p>Todos los empleados y agentes reciben formaci\u00f3n sobre los principios de esta pol\u00edtica. El incumplimiento de esta pol\u00edtica puede dar lugar a medidas disciplinarias, incluida la terminaci\u00f3n del empleo o de la relaci\u00f3n comercial, y tambi\u00e9n puede conllevar sanciones regulatorias.<\/p>\n<p><em>XlentPay es una marca de XlentPay Corporation, registrada en Canad\u00e1 con el n\u00famero 1616307-6 y autorizada por FINTRAC con el n\u00famero C100000337.<\/em><\/p>\n<h3>9. Revisi\u00f3n y Actualizaciones<\/h3>\n<p>Esta pol\u00edtica se revisa anualmente y se actualiza seg\u00fan sea necesario para reflejar cambios en los requisitos regulatorios, las pr\u00e1cticas comerciales y los desarrollos internacionales.<\/p>\n<h3>Informaci\u00f3n de Contacto<\/h3>\n<p>Para m\u00e1s informaci\u00f3n o preguntas relacionadas con esta pol\u00edtica, por favor contacta con:<\/p>\n<p><span style=\"text-decoration: underline;\">Departamento de Cumplimiento \u2013 Andreas Orphanides<\/span><br \/>\nCorreo electr\u00f3nico: <a href=\"mailto:compliance@xlentpay.com\">compliance@xlentpay.com<\/a><br \/>\nTel\u00e9fono: +1 416 800 0984<\/p>\n","protected":false},"excerpt":{"rendered":"<p>Fecha de Entrada en Vigor: 16.04.2025 Nombre de la Entidad: Xlentpay Corporation N\u00famero de Autorizaci\u00f3n: C100000337 Jurisdicci\u00f3n: Canad\u00e1 Autoridad reguladora:&#8230;<\/p>\n","protected":false},"author":1,"featured_media":0,"parent":0,"menu_order":0,"comment_status":"closed","ping_status":"closed","template":"template-text-based.php","meta":{"inline_featured_image":false,"footnotes":""},"class_list":["post-1458","page","type-page","status-publish","hentry"],"yoast_head":"<!-- This site is optimized with the Yoast SEO plugin v27.4 - https:\/\/yoast.com\/product\/yoast-seo-wordpress\/ -->\n<title>Pol\u00edtica de no captaci\u00f3n | XlentPay<\/title>\n<meta name=\"robots\" content=\"index, follow, max-snippet:-1, max-image-preview:large, max-video-preview:-1\" \/>\n<link rel=\"canonical\" href=\"https:\/\/xlentpay.com\/es\/non-solicitation-policy\/\" \/>\n<meta property=\"og:locale\" content=\"es_ES\" \/>\n<meta property=\"og:type\" content=\"article\" \/>\n<meta property=\"og:title\" content=\"Pol\u00edtica de no captaci\u00f3n | XlentPay\" \/>\n<meta property=\"og:description\" content=\"Fecha de Entrada en Vigor: 16.04.2025 Nombre de la Entidad: Xlentpay Corporation N\u00famero de Autorizaci\u00f3n: C100000337 Jurisdicci\u00f3n: Canad\u00e1 Autoridad reguladora:...\" \/>\n<meta property=\"og:url\" content=\"https:\/\/xlentpay.com\/es\/non-solicitation-policy\/\" \/>\n<meta property=\"og:site_name\" content=\"XlentPay\" \/>\n<meta property=\"article:publisher\" content=\"https:\/\/www.facebook.com\/xlentpay.official\" \/>\n<meta property=\"article:modified_time\" content=\"2026-04-20T13:09:42+00:00\" \/>\n<meta property=\"og:image\" content=\"https:\/\/xlentpay.com\/wp-content\/uploads\/2025\/01\/yoast-img.png\" \/>\n\t<meta property=\"og:image:width\" content=\"1200\" \/>\n\t<meta property=\"og:image:height\" content=\"674\" \/>\n\t<meta property=\"og:image:type\" content=\"image\/png\" \/>\n<meta name=\"twitter:card\" content=\"summary_large_image\" \/>\n<meta name=\"twitter:site\" content=\"@xlentpay\" \/>\n<meta name=\"twitter:label1\" content=\"Tiempo de lectura\" \/>\n\t<meta name=\"twitter:data1\" content=\"4 minutos\" \/>\n<script type=\"application\/ld+json\" class=\"yoast-schema-graph\">{\"@context\":\"https:\\\/\\\/schema.org\",\"@graph\":[{\"@type\":\"WebPage\",\"@id\":\"https:\\\/\\\/xlentpay.com\\\/es\\\/non-solicitation-policy\\\/\",\"url\":\"https:\\\/\\\/xlentpay.com\\\/es\\\/non-solicitation-policy\\\/\",\"name\":\"Pol\u00edtica de no captaci\u00f3n | XlentPay\",\"isPartOf\":{\"@id\":\"https:\\\/\\\/xlentpay.com\\\/es\\\/#website\"},\"datePublished\":\"2025-06-10T13:19:48+00:00\",\"dateModified\":\"2026-04-20T13:09:42+00:00\",\"breadcrumb\":{\"@id\":\"https:\\\/\\\/xlentpay.com\\\/es\\\/non-solicitation-policy\\\/#breadcrumb\"},\"inLanguage\":\"es\",\"potentialAction\":[{\"@type\":\"ReadAction\",\"target\":[\"https:\\\/\\\/xlentpay.com\\\/es\\\/non-solicitation-policy\\\/\"]}]},{\"@type\":\"BreadcrumbList\",\"@id\":\"https:\\\/\\\/xlentpay.com\\\/es\\\/non-solicitation-policy\\\/#breadcrumb\",\"itemListElement\":[{\"@type\":\"ListItem\",\"position\":1,\"name\":\"Home\",\"item\":\"https:\\\/\\\/xlentpay.com\\\/es\\\/\"},{\"@type\":\"ListItem\",\"position\":2,\"name\":\"Pol\u00edtica de no captaci\u00f3n\"}]},{\"@type\":\"WebSite\",\"@id\":\"https:\\\/\\\/xlentpay.com\\\/es\\\/#website\",\"url\":\"https:\\\/\\\/xlentpay.com\\\/es\\\/\",\"name\":\"XlentPay\",\"description\":\"Revolutionizing the Way you Manage Money\",\"publisher\":{\"@id\":\"https:\\\/\\\/xlentpay.com\\\/es\\\/#organization\"},\"potentialAction\":[{\"@type\":\"SearchAction\",\"target\":{\"@type\":\"EntryPoint\",\"urlTemplate\":\"https:\\\/\\\/xlentpay.com\\\/es\\\/?s={search_term_string}\"},\"query-input\":{\"@type\":\"PropertyValueSpecification\",\"valueRequired\":true,\"valueName\":\"search_term_string\"}}],\"inLanguage\":\"es\"},{\"@type\":\"Organization\",\"@id\":\"https:\\\/\\\/xlentpay.com\\\/es\\\/#organization\",\"name\":\"XlentPay Corporation\",\"alternateName\":\"XlentPay\",\"url\":\"https:\\\/\\\/xlentpay.com\\\/es\\\/\",\"logo\":{\"@type\":\"ImageObject\",\"inLanguage\":\"es\",\"@id\":\"https:\\\/\\\/xlentpay.com\\\/es\\\/#\\\/schema\\\/logo\\\/image\\\/\",\"url\":\"https:\\\/\\\/xlentpay.com\\\/wp-content\\\/uploads\\\/2025\\\/01\\\/logo.png\",\"contentUrl\":\"https:\\\/\\\/xlentpay.com\\\/wp-content\\\/uploads\\\/2025\\\/01\\\/logo.png\",\"width\":280,\"height\":120,\"caption\":\"XlentPay Corporation\"},\"image\":{\"@id\":\"https:\\\/\\\/xlentpay.com\\\/es\\\/#\\\/schema\\\/logo\\\/image\\\/\"},\"sameAs\":[\"https:\\\/\\\/www.facebook.com\\\/xlentpay.official\",\"https:\\\/\\\/x.com\\\/xlentpay\",\"https:\\\/\\\/www.instagram.com\\\/xlentpay\",\"https:\\\/\\\/www.linkedin.com\\\/company\\\/xlentpay\"]}]}<\/script>\n<!-- \/ Yoast SEO plugin. -->","yoast_head_json":{"title":"Pol\u00edtica de no captaci\u00f3n | XlentPay","robots":{"index":"index","follow":"follow","max-snippet":"max-snippet:-1","max-image-preview":"max-image-preview:large","max-video-preview":"max-video-preview:-1"},"canonical":"https:\/\/xlentpay.com\/es\/non-solicitation-policy\/","og_locale":"es_ES","og_type":"article","og_title":"Pol\u00edtica de no captaci\u00f3n | XlentPay","og_description":"Fecha de Entrada en Vigor: 16.04.2025 Nombre de la Entidad: Xlentpay Corporation N\u00famero de Autorizaci\u00f3n: C100000337 Jurisdicci\u00f3n: Canad\u00e1 Autoridad reguladora:...","og_url":"https:\/\/xlentpay.com\/es\/non-solicitation-policy\/","og_site_name":"XlentPay","article_publisher":"https:\/\/www.facebook.com\/xlentpay.official","article_modified_time":"2026-04-20T13:09:42+00:00","og_image":[{"width":1200,"height":674,"url":"https:\/\/xlentpay.com\/wp-content\/uploads\/2025\/01\/yoast-img.png","type":"image\/png"}],"twitter_card":"summary_large_image","twitter_site":"@xlentpay","twitter_misc":{"Tiempo de lectura":"4 minutos"},"schema":{"@context":"https:\/\/schema.org","@graph":[{"@type":"WebPage","@id":"https:\/\/xlentpay.com\/es\/non-solicitation-policy\/","url":"https:\/\/xlentpay.com\/es\/non-solicitation-policy\/","name":"Pol\u00edtica de no captaci\u00f3n | XlentPay","isPartOf":{"@id":"https:\/\/xlentpay.com\/es\/#website"},"datePublished":"2025-06-10T13:19:48+00:00","dateModified":"2026-04-20T13:09:42+00:00","breadcrumb":{"@id":"https:\/\/xlentpay.com\/es\/non-solicitation-policy\/#breadcrumb"},"inLanguage":"es","potentialAction":[{"@type":"ReadAction","target":["https:\/\/xlentpay.com\/es\/non-solicitation-policy\/"]}]},{"@type":"BreadcrumbList","@id":"https:\/\/xlentpay.com\/es\/non-solicitation-policy\/#breadcrumb","itemListElement":[{"@type":"ListItem","position":1,"name":"Home","item":"https:\/\/xlentpay.com\/es\/"},{"@type":"ListItem","position":2,"name":"Pol\u00edtica de no captaci\u00f3n"}]},{"@type":"WebSite","@id":"https:\/\/xlentpay.com\/es\/#website","url":"https:\/\/xlentpay.com\/es\/","name":"XlentPay","description":"Revolutionizing the Way you Manage Money","publisher":{"@id":"https:\/\/xlentpay.com\/es\/#organization"},"potentialAction":[{"@type":"SearchAction","target":{"@type":"EntryPoint","urlTemplate":"https:\/\/xlentpay.com\/es\/?s={search_term_string}"},"query-input":{"@type":"PropertyValueSpecification","valueRequired":true,"valueName":"search_term_string"}}],"inLanguage":"es"},{"@type":"Organization","@id":"https:\/\/xlentpay.com\/es\/#organization","name":"XlentPay Corporation","alternateName":"XlentPay","url":"https:\/\/xlentpay.com\/es\/","logo":{"@type":"ImageObject","inLanguage":"es","@id":"https:\/\/xlentpay.com\/es\/#\/schema\/logo\/image\/","url":"https:\/\/xlentpay.com\/wp-content\/uploads\/2025\/01\/logo.png","contentUrl":"https:\/\/xlentpay.com\/wp-content\/uploads\/2025\/01\/logo.png","width":280,"height":120,"caption":"XlentPay Corporation"},"image":{"@id":"https:\/\/xlentpay.com\/es\/#\/schema\/logo\/image\/"},"sameAs":["https:\/\/www.facebook.com\/xlentpay.official","https:\/\/x.com\/xlentpay","https:\/\/www.instagram.com\/xlentpay","https:\/\/www.linkedin.com\/company\/xlentpay"]}]}},"_links":{"self":[{"href":"https:\/\/xlentpay.com\/es\/wp-json\/wp\/v2\/pages\/1458","targetHints":{"allow":["GET"]}}],"collection":[{"href":"https:\/\/xlentpay.com\/es\/wp-json\/wp\/v2\/pages"}],"about":[{"href":"https:\/\/xlentpay.com\/es\/wp-json\/wp\/v2\/types\/page"}],"author":[{"embeddable":true,"href":"https:\/\/xlentpay.com\/es\/wp-json\/wp\/v2\/users\/1"}],"replies":[{"embeddable":true,"href":"https:\/\/xlentpay.com\/es\/wp-json\/wp\/v2\/comments?post=1458"}],"version-history":[{"count":2,"href":"https:\/\/xlentpay.com\/es\/wp-json\/wp\/v2\/pages\/1458\/revisions"}],"predecessor-version":[{"id":1460,"href":"https:\/\/xlentpay.com\/es\/wp-json\/wp\/v2\/pages\/1458\/revisions\/1460"}],"wp:attachment":[{"href":"https:\/\/xlentpay.com\/es\/wp-json\/wp\/v2\/media?parent=1458"}],"curies":[{"name":"wp","href":"https:\/\/api.w.org\/{rel}","templated":true}]}}