{"id":1447,"date":"2025-07-23T09:18:24","date_gmt":"2025-07-23T07:18:24","guid":{"rendered":"https:\/\/xlentpay.com\/cookie-policy\/"},"modified":"2026-04-20T11:47:03","modified_gmt":"2026-04-20T09:47:03","slug":"cookie-policy","status":"publish","type":"page","link":"https:\/\/xlentpay.com\/es\/cookie-policy\/","title":{"rendered":"Pol\u00edtica de cookies"},"content":{"rendered":"<p><strong>\u00daltima actualizaci\u00f3n 18 de julio de 2025<\/strong><\/p>\n<p>Esta Pol\u00edtica de Cookies explica c\u00f3mo XlentPay Corporation (\u201c<strong>Compa\u00f1\u00eda<\/strong>\u201d, \u201c<strong>nosotros<\/strong>\u201d, \u201c<strong>nos<\/strong>\u201d y \u201c<strong>nuestro<\/strong>\u201d) utiliza cookies y tecnolog\u00edas similares para reconocerte cuando visitas nuestro sitio web en <a href=\"https:\/\/xlentpay.com\/es\/\">https:\/\/xlentpay.com<\/a> (\u201c<strong>Sitio Web<\/strong>\u201d). Explica qu\u00e9 son estas tecnolog\u00edas y por qu\u00e9 las utilizamos, as\u00ed como tus derechos para controlar nuestro uso de ellas.<\/p>\n<p>En algunos casos podemos usar cookies para recopilar informaci\u00f3n personal, o que se convierte en informaci\u00f3n personal si la combinamos con otra informaci\u00f3n.<\/p>\n<h3>\u00bfQu\u00e9 son las cookies?<\/h3>\n<p>Las cookies son peque\u00f1os archivos de datos que se colocan en tu computadora o dispositivo m\u00f3vil cuando visitas un sitio web. Las cookies son ampliamente utilizadas por los propietarios de sitios web con el fin de hacer que sus sitios web funcionen, o funcionen de manera m\u00e1s eficiente, as\u00ed como para proporcionar informaci\u00f3n de informes.<\/p>\n<p>Las cookies establecidas por el propietario del sitio web (en este caso, XlentPay Corporation) se llaman \u201ccookies de primera parte\u201d. Las cookies establecidas por partes distintas al propietario del sitio web se llaman \u201ccookies de terceros\u201d. Las cookies de terceros permiten que funciones o funcionalidades de terceros se proporcionen en o a trav\u00e9s del sitio web (por ejemplo, publicidad, contenido interactivo y an\u00e1lisis). Las partes que establecen estas cookies de terceros pueden reconocer tu computadora tanto cuando visita el sitio web en cuesti\u00f3n como cuando visita ciertos otros sitios web.<\/p>\n<h3>\u00bfPor qu\u00e9 usamos cookies?<\/h3>\n<p>Utilizamos cookies de primera y de terceros por varias razones. Algunas cookies son requeridas por razones t\u00e9cnicas para que nuestro Sitio Web opere, y nos referimos a estas como cookies \u201cesenciales\u201d o \u201cestrictamente necesarias\u201d. Otras cookies tambi\u00e9n nos permiten rastrear y dirigir los intereses de nuestros usuarios para mejorar la experiencia en nuestras Propiedades en L\u00ednea. Terceros sirven cookies a trav\u00e9s de nuestro Sitio Web para publicidad, an\u00e1lisis y otros prop\u00f3sitos. Esto se describe con m\u00e1s detalle a continuaci\u00f3n.<\/p>\n<h3>\u00bfC\u00f3mo puedo controlar las cookies?<\/h3>\n<p>Tienes el derecho de decidir si aceptar o rechazar cookies. Puedes ejercer tus derechos de cookies configurando tus preferencias en el Administrador de Consentimiento de Cookies. El Administrador de Consentimiento de Cookies te permite seleccionar qu\u00e9 categor\u00edas de cookies aceptas o rechazas. Las cookies esenciales no pueden ser rechazadas ya que son estrictamente necesarias para proporcionarte servicios.<\/p>\n<p>El Administrador de Consentimiento de Cookies se puede encontrar en el banner de notificaci\u00f3n y en nuestro Sitio Web. Si eliges rechazar cookies, a\u00fan puedes usar nuestro Sitio Web aunque tu acceso a algunas funcionalidades y \u00e1reas de nuestro Sitio Web puede estar restringido. Tambi\u00e9n puedes configurar o modificar los controles de tu navegador web para aceptar o rechazar cookies.<\/p>\n<p>Los tipos espec\u00edficos de cookies de primera y de terceros servidos a trav\u00e9s de nuestro Sitio Web y los prop\u00f3sitos que realizan se describen en la tabla a continuaci\u00f3n (ten en cuenta que las cookies espec\u00edficas servidas pueden variar dependiendo de las Propiedades en L\u00ednea espec\u00edficas que visites):<\/p>\n<h3>\u00bfC\u00f3mo puedo controlar las cookies en mi navegador?<\/h3>\n<p>Como los medios por los cuales puedes rechazar cookies a trav\u00e9s de los controles de tu navegador web var\u00edan de navegador a navegador, debes visitar el men\u00fa de ayuda de tu navegador para m\u00e1s informaci\u00f3n. A continuaci\u00f3n se muestra informaci\u00f3n sobre c\u00f3mo gestionar cookies en los navegadores m\u00e1s populares:<\/p>\n<ul>\n<li><a href=\"https:\/\/support.google.com\/chrome\/answer\/95647#zippy=%2Callow-or-block-cookies\" target=\"_blank\" rel=\"noopener noreferrer\" data-custom-class=\"link\">Chrome<\/a><\/li>\n<li><a href=\"https:\/\/support.microsoft.com\/en-us\/windows\/delete-and-manage-cookies-168dab11-0753-043d-7c16-ede5947fc64d\" target=\"_blank\" rel=\"noopener noreferrer\" data-custom-class=\"link\">Internet Explorer<\/a><\/li>\n<li><a href=\"https:\/\/support.mozilla.org\/en-US\/kb\/enhanced-tracking-protection-firefox-desktop?redirectslug=enable-and-disable-cookies-website-preferences&amp;redirectlocale=en-US\" target=\"_blank\" rel=\"noopener noreferrer\" data-custom-class=\"link\">Firefox<\/a><\/li>\n<li><a href=\"https:\/\/support.apple.com\/en-ie\/guide\/safari\/sfri11471\/mac\" target=\"_blank\" rel=\"noopener noreferrer\" data-custom-class=\"link\">Safari<\/a><\/li>\n<li><a href=\"https:\/\/support.microsoft.com\/en-us\/windows\/microsoft-edge-browsing-data-and-privacy-bb8174ba-9d73-dcf2-9b4a-c582b4e640dd\" target=\"_blank\" rel=\"noopener noreferrer\" data-custom-class=\"link\">Edge<\/a><\/li>\n<li><a href=\"https:\/\/help.opera.com\/en\/latest\/web-preferences\/\" target=\"_blank\" rel=\"noopener noreferrer\" data-custom-class=\"link\">Opera<\/a><\/li>\n<\/ul>\n<p>Adem\u00e1s, la mayor\u00eda de las redes de publicidad te ofrecen una forma de optar por no recibir publicidad dirigida. Si deseas obtener m\u00e1s informaci\u00f3n, por favor visita:<\/p>\n<ul>\n<li><a href=\"http:\/\/www.aboutads.info\/choices\/\" target=\"_blank\" rel=\"noopener noreferrer\" data-custom-class=\"link\">Digital Advertising Alliance<\/a><\/li>\n<li><a href=\"https:\/\/youradchoices.ca\/\" target=\"_blank\" rel=\"noopener noreferrer\" data-custom-class=\"link\">Digital Advertising Alliance of Canada<\/a><\/li>\n<li><a href=\"http:\/\/www.youronlinechoices.com\/\" target=\"_blank\" rel=\"noopener noreferrer\" data-custom-class=\"link\">European Interactive Digital Advertising Alliance<\/a><\/li>\n<\/ul>\n<h3>\u00bfQu\u00e9 pasa con otras tecnolog\u00edas de seguimiento, como web beacons?<\/h3>\n<p>Las cookies no son la \u00fanica forma de reconocer o rastrear visitantes a un sitio web. Podemos utilizar otras tecnolog\u00edas similares de vez en cuando, como web beacons (a veces llamados \u201ctracking pixels\u201d o \u201cclear gifs\u201d). Estos son peque\u00f1os archivos gr\u00e1ficos que contienen un identificador \u00fanico que nos permite reconocer cu\u00e1ndo alguien ha visitado nuestro Sitio Web o ha abierto un correo electr\u00f3nico que los incluye. Esto nos permite, por ejemplo, monitorear los patrones de tr\u00e1fico de los usuarios de una p\u00e1gina dentro de un sitio web a otra, para entregar o comunicarnos con cookies, para entender si has llegado al sitio web desde un anuncio en l\u00ednea mostrado en un sitio web de terceros, para mejorar el rendimiento del sitio y para medir el \u00e9xito de campa\u00f1as de marketing por correo electr\u00f3nico. En muchos casos, estas tecnolog\u00edas dependen de cookies para funcionar correctamente, y por lo tanto rechazar cookies perjudicar\u00e1 su funcionamiento.<\/p>\n<h3>\u00bfUsan cookies Flash o Local Shared Objects?<\/h3>\n<p>Los sitios web tambi\u00e9n pueden utilizar las llamadas \u201cFlash Cookies\u201d (tambi\u00e9n conocidas como Local Shared Objects o \u201cLSOs\u201d) para, entre otras cosas, recopilar y almacenar informaci\u00f3n sobre tu uso de nuestros servicios, prevenci\u00f3n de fraude y para otras operaciones del sitio.<\/p>\n<p><span data-custom-class=\"body_text\">Si no deseas que las Flash Cookies se almacenen en tu computadora, puedes ajustar la configuraci\u00f3n de tu reproductor Flash para bloquear el almacenamiento de Flash Cookies usando las herramientas contenidas en el Panel de <\/span><span data-custom-class=\"body_text\"><a href=\"http:\/\/www.macromedia.com\/support\/documentation\/en\/flashplayer\/help\/settings_manager07.html\" target=\"_blank\" rel=\"noopener noreferrer\" data-custom-class=\"link\">Configuraci\u00f3n de Almacenamiento del Sitio Web<\/a>. Tambi\u00e9n puedes controlar las Flash Cookies yendo al <a href=\"http:\/\/www.macromedia.com\/support\/documentation\/en\/flashplayer\/help\/settings_manager03.html\" target=\"_blank\" rel=\"noopener noreferrer\" data-custom-class=\"link\">Panel de Configuraci\u00f3n de Almacenamiento Global<\/a><\/span><span data-custom-class=\"body_text\"> y siguiendo las instrucciones (que pueden incluir instrucciones que explican, por ejemplo, c\u00f3mo eliminar Flash Cookies existentes (referidas como \u201cinformaci\u00f3n\u201d en el sitio de Macromedia), c\u00f3mo evitar que los Flash LSOs se coloquen en tu computadora sin que se te pregunte, y (para Flash Player 8 y posteriores) c\u00f3mo bloquear Flash Cookies que no est\u00e1n siendo entregadas por el operador de la p\u00e1gina en la que te encuentras en ese momento).<\/span><\/p>\n<p>Ten en cuenta que configurar el Flash Player para restringir o limitar la aceptaci\u00f3n de Flash Cookies puede reducir o impedir la funcionalidad de algunas aplicaciones Flash, incluyendo, potencialmente, aplicaciones Flash utilizadas en conexi\u00f3n con nuestros servicios o contenido en l\u00ednea.<\/p>\n<h3>\u00bfSirven publicidad dirigida?<\/h3>\n<p>Terceros pueden servir cookies en tu computadora o dispositivo m\u00f3vil para servir publicidad a trav\u00e9s de nuestro Sitio Web. Estas empresas pueden usar informaci\u00f3n sobre tus visitas a este y otros sitios web con el fin de proporcionar anuncios relevantes sobre bienes y servicios que pueden ser de tu inter\u00e9s. Tambi\u00e9n pueden emplear tecnolog\u00eda que se utiliza para medir la efectividad de los anuncios. Pueden lograr esto usando cookies o web beacons para recopilar informaci\u00f3n sobre tus visitas a este y otros sitios con el fin de proporcionar anuncios relevantes sobre bienes y servicios de posible inter\u00e9s para ti. La informaci\u00f3n recopilada a trav\u00e9s de este proceso no nos permite a nosotros ni a ellos identificar tu nombre, detalles de contacto u otros detalles que te identifiquen directamente a menos que elijas proporcionarlos.<\/p>\n<h3>\u00bfCon qu\u00e9 frecuencia actualizar\u00e1n esta Pol\u00edtica de Cookies?<\/h3>\n<p>Podemos actualizar esta Pol\u00edtica de Cookies de vez en cuando con el fin de reflejar, por ejemplo, cambios en las cookies que utilizamos o por otras razones operativas, legales o regulatorias. Por lo tanto, revisa esta Pol\u00edtica de Cookies regularmente para mantenerte informado sobre nuestro uso de cookies y tecnolog\u00edas relacionadas.<\/p>\n<p>La fecha en la parte superior de esta Pol\u00edtica de Cookies indica cu\u00e1ndo fue actualizada por \u00faltima vez.<\/p>\n<h3>\u00bfD\u00f3nde puedo obtener m\u00e1s informaci\u00f3n?<\/h3>\n<p>Si tienes alguna pregunta sobre nuestro uso de cookies u otras tecnolog\u00edas, por favor env\u00edanos un correo electr\u00f3nico a <a href=\"mailto:info@xlentpay.com\">info@xlentpay.com<\/a> o por correo a:<\/p>\n<p><span data-custom-class=\"body_text\">XlentPay Corporation<\/span><\/p>\n<p><span data-custom-class=\"body_text\">6 Gram Street<\/span><\/p>\n<p><span data-custom-class=\"body_text\">Vaughan,<\/span><span data-custom-class=\"body_text\">\u00a0Ontario\u00a0L6A 3Z2<\/span><\/p>\n<p><span data-custom-class=\"body_text\">Canada<\/span><\/p>\n<p><span data-custom-class=\"body_text\">Phone:\u00a0(+1)855-953-6872<\/span><\/p>\n<p><span data-custom-class=\"body_text\">Fax:\u00a0(+1)844-953-6872<\/span><\/p>\n","protected":false},"excerpt":{"rendered":"<p>\u00daltima actualizaci\u00f3n 18 de julio de 2025 Esta Pol\u00edtica de Cookies explica c\u00f3mo XlentPay Corporation (\u201cCompa\u00f1\u00eda\u201d, \u201cnosotros\u201d, \u201cnos\u201d y \u201cnuestro\u201d)&#8230;<\/p>\n","protected":false},"author":1,"featured_media":0,"parent":0,"menu_order":0,"comment_status":"closed","ping_status":"closed","template":"template-text-based.php","meta":{"inline_featured_image":false,"footnotes":""},"class_list":["post-1447","page","type-page","status-publish","hentry"],"yoast_head":"<!-- This site is optimized with the Yoast SEO plugin v27.4 - https:\/\/yoast.com\/product\/yoast-seo-wordpress\/ -->\n<title>Pol\u00edtica de cookies | XlentPay<\/title>\n<meta name=\"robots\" content=\"index, follow, max-snippet:-1, max-image-preview:large, max-video-preview:-1\" \/>\n<link rel=\"canonical\" href=\"https:\/\/xlentpay.com\/es\/cookie-policy\/\" \/>\n<meta property=\"og:locale\" content=\"es_ES\" \/>\n<meta property=\"og:type\" content=\"article\" \/>\n<meta property=\"og:title\" content=\"Pol\u00edtica de cookies | XlentPay\" \/>\n<meta property=\"og:description\" content=\"\u00daltima actualizaci\u00f3n 18 de julio de 2025 Esta Pol\u00edtica de Cookies explica c\u00f3mo XlentPay Corporation (\u201cCompa\u00f1\u00eda\u201d, \u201cnosotros\u201d, \u201cnos\u201d y \u201cnuestro\u201d)...\" \/>\n<meta property=\"og:url\" content=\"https:\/\/xlentpay.com\/es\/cookie-policy\/\" \/>\n<meta property=\"og:site_name\" content=\"XlentPay\" \/>\n<meta property=\"article:publisher\" content=\"https:\/\/www.facebook.com\/xlentpay.official\" \/>\n<meta property=\"article:modified_time\" content=\"2026-04-20T09:47:03+00:00\" \/>\n<meta property=\"og:image\" content=\"https:\/\/xlentpay.com\/wp-content\/uploads\/2025\/01\/yoast-img.png\" \/>\n\t<meta property=\"og:image:width\" content=\"1200\" \/>\n\t<meta property=\"og:image:height\" content=\"674\" \/>\n\t<meta property=\"og:image:type\" content=\"image\/png\" \/>\n<meta name=\"twitter:card\" content=\"summary_large_image\" \/>\n<meta name=\"twitter:site\" content=\"@xlentpay\" \/>\n<meta name=\"twitter:label1\" content=\"Tiempo de lectura\" \/>\n\t<meta name=\"twitter:data1\" content=\"6 minutos\" \/>\n<script type=\"application\/ld+json\" class=\"yoast-schema-graph\">{\"@context\":\"https:\\\/\\\/schema.org\",\"@graph\":[{\"@type\":\"WebPage\",\"@id\":\"https:\\\/\\\/xlentpay.com\\\/es\\\/cookie-policy\\\/\",\"url\":\"https:\\\/\\\/xlentpay.com\\\/es\\\/cookie-policy\\\/\",\"name\":\"Pol\u00edtica de cookies | XlentPay\",\"isPartOf\":{\"@id\":\"https:\\\/\\\/xlentpay.com\\\/es\\\/#website\"},\"datePublished\":\"2025-07-23T07:18:24+00:00\",\"dateModified\":\"2026-04-20T09:47:03+00:00\",\"breadcrumb\":{\"@id\":\"https:\\\/\\\/xlentpay.com\\\/es\\\/cookie-policy\\\/#breadcrumb\"},\"inLanguage\":\"es\",\"potentialAction\":[{\"@type\":\"ReadAction\",\"target\":[\"https:\\\/\\\/xlentpay.com\\\/es\\\/cookie-policy\\\/\"]}]},{\"@type\":\"BreadcrumbList\",\"@id\":\"https:\\\/\\\/xlentpay.com\\\/es\\\/cookie-policy\\\/#breadcrumb\",\"itemListElement\":[{\"@type\":\"ListItem\",\"position\":1,\"name\":\"Home\",\"item\":\"https:\\\/\\\/xlentpay.com\\\/es\\\/\"},{\"@type\":\"ListItem\",\"position\":2,\"name\":\"Pol\u00edtica de cookies\"}]},{\"@type\":\"WebSite\",\"@id\":\"https:\\\/\\\/xlentpay.com\\\/es\\\/#website\",\"url\":\"https:\\\/\\\/xlentpay.com\\\/es\\\/\",\"name\":\"XlentPay\",\"description\":\"Revolutionizing the Way you Manage Money\",\"publisher\":{\"@id\":\"https:\\\/\\\/xlentpay.com\\\/es\\\/#organization\"},\"potentialAction\":[{\"@type\":\"SearchAction\",\"target\":{\"@type\":\"EntryPoint\",\"urlTemplate\":\"https:\\\/\\\/xlentpay.com\\\/es\\\/?s={search_term_string}\"},\"query-input\":{\"@type\":\"PropertyValueSpecification\",\"valueRequired\":true,\"valueName\":\"search_term_string\"}}],\"inLanguage\":\"es\"},{\"@type\":\"Organization\",\"@id\":\"https:\\\/\\\/xlentpay.com\\\/es\\\/#organization\",\"name\":\"XlentPay Corporation\",\"alternateName\":\"XlentPay\",\"url\":\"https:\\\/\\\/xlentpay.com\\\/es\\\/\",\"logo\":{\"@type\":\"ImageObject\",\"inLanguage\":\"es\",\"@id\":\"https:\\\/\\\/xlentpay.com\\\/es\\\/#\\\/schema\\\/logo\\\/image\\\/\",\"url\":\"https:\\\/\\\/xlentpay.com\\\/wp-content\\\/uploads\\\/2025\\\/01\\\/logo.png\",\"contentUrl\":\"https:\\\/\\\/xlentpay.com\\\/wp-content\\\/uploads\\\/2025\\\/01\\\/logo.png\",\"width\":280,\"height\":120,\"caption\":\"XlentPay Corporation\"},\"image\":{\"@id\":\"https:\\\/\\\/xlentpay.com\\\/es\\\/#\\\/schema\\\/logo\\\/image\\\/\"},\"sameAs\":[\"https:\\\/\\\/www.facebook.com\\\/xlentpay.official\",\"https:\\\/\\\/x.com\\\/xlentpay\",\"https:\\\/\\\/www.instagram.com\\\/xlentpay\",\"https:\\\/\\\/www.linkedin.com\\\/company\\\/xlentpay\"]}]}<\/script>\n<!-- \/ Yoast SEO plugin. -->","yoast_head_json":{"title":"Pol\u00edtica de cookies | XlentPay","robots":{"index":"index","follow":"follow","max-snippet":"max-snippet:-1","max-image-preview":"max-image-preview:large","max-video-preview":"max-video-preview:-1"},"canonical":"https:\/\/xlentpay.com\/es\/cookie-policy\/","og_locale":"es_ES","og_type":"article","og_title":"Pol\u00edtica de cookies | XlentPay","og_description":"\u00daltima actualizaci\u00f3n 18 de julio de 2025 Esta Pol\u00edtica de Cookies explica c\u00f3mo XlentPay Corporation (\u201cCompa\u00f1\u00eda\u201d, \u201cnosotros\u201d, \u201cnos\u201d y \u201cnuestro\u201d)...","og_url":"https:\/\/xlentpay.com\/es\/cookie-policy\/","og_site_name":"XlentPay","article_publisher":"https:\/\/www.facebook.com\/xlentpay.official","article_modified_time":"2026-04-20T09:47:03+00:00","og_image":[{"width":1200,"height":674,"url":"https:\/\/xlentpay.com\/wp-content\/uploads\/2025\/01\/yoast-img.png","type":"image\/png"}],"twitter_card":"summary_large_image","twitter_site":"@xlentpay","twitter_misc":{"Tiempo de lectura":"6 minutos"},"schema":{"@context":"https:\/\/schema.org","@graph":[{"@type":"WebPage","@id":"https:\/\/xlentpay.com\/es\/cookie-policy\/","url":"https:\/\/xlentpay.com\/es\/cookie-policy\/","name":"Pol\u00edtica de cookies | XlentPay","isPartOf":{"@id":"https:\/\/xlentpay.com\/es\/#website"},"datePublished":"2025-07-23T07:18:24+00:00","dateModified":"2026-04-20T09:47:03+00:00","breadcrumb":{"@id":"https:\/\/xlentpay.com\/es\/cookie-policy\/#breadcrumb"},"inLanguage":"es","potentialAction":[{"@type":"ReadAction","target":["https:\/\/xlentpay.com\/es\/cookie-policy\/"]}]},{"@type":"BreadcrumbList","@id":"https:\/\/xlentpay.com\/es\/cookie-policy\/#breadcrumb","itemListElement":[{"@type":"ListItem","position":1,"name":"Home","item":"https:\/\/xlentpay.com\/es\/"},{"@type":"ListItem","position":2,"name":"Pol\u00edtica de cookies"}]},{"@type":"WebSite","@id":"https:\/\/xlentpay.com\/es\/#website","url":"https:\/\/xlentpay.com\/es\/","name":"XlentPay","description":"Revolutionizing the Way you Manage Money","publisher":{"@id":"https:\/\/xlentpay.com\/es\/#organization"},"potentialAction":[{"@type":"SearchAction","target":{"@type":"EntryPoint","urlTemplate":"https:\/\/xlentpay.com\/es\/?s={search_term_string}"},"query-input":{"@type":"PropertyValueSpecification","valueRequired":true,"valueName":"search_term_string"}}],"inLanguage":"es"},{"@type":"Organization","@id":"https:\/\/xlentpay.com\/es\/#organization","name":"XlentPay Corporation","alternateName":"XlentPay","url":"https:\/\/xlentpay.com\/es\/","logo":{"@type":"ImageObject","inLanguage":"es","@id":"https:\/\/xlentpay.com\/es\/#\/schema\/logo\/image\/","url":"https:\/\/xlentpay.com\/wp-content\/uploads\/2025\/01\/logo.png","contentUrl":"https:\/\/xlentpay.com\/wp-content\/uploads\/2025\/01\/logo.png","width":280,"height":120,"caption":"XlentPay Corporation"},"image":{"@id":"https:\/\/xlentpay.com\/es\/#\/schema\/logo\/image\/"},"sameAs":["https:\/\/www.facebook.com\/xlentpay.official","https:\/\/x.com\/xlentpay","https:\/\/www.instagram.com\/xlentpay","https:\/\/www.linkedin.com\/company\/xlentpay"]}]}},"_links":{"self":[{"href":"https:\/\/xlentpay.com\/es\/wp-json\/wp\/v2\/pages\/1447","targetHints":{"allow":["GET"]}}],"collection":[{"href":"https:\/\/xlentpay.com\/es\/wp-json\/wp\/v2\/pages"}],"about":[{"href":"https:\/\/xlentpay.com\/es\/wp-json\/wp\/v2\/types\/page"}],"author":[{"embeddable":true,"href":"https:\/\/xlentpay.com\/es\/wp-json\/wp\/v2\/users\/1"}],"replies":[{"embeddable":true,"href":"https:\/\/xlentpay.com\/es\/wp-json\/wp\/v2\/comments?post=1447"}],"version-history":[{"count":2,"href":"https:\/\/xlentpay.com\/es\/wp-json\/wp\/v2\/pages\/1447\/revisions"}],"predecessor-version":[{"id":1449,"href":"https:\/\/xlentpay.com\/es\/wp-json\/wp\/v2\/pages\/1447\/revisions\/1449"}],"wp:attachment":[{"href":"https:\/\/xlentpay.com\/es\/wp-json\/wp\/v2\/media?parent=1447"}],"curies":[{"name":"wp","href":"https:\/\/api.w.org\/{rel}","templated":true}]}}