{"id":1406,"date":"2025-04-25T08:53:47","date_gmt":"2025-04-25T06:53:47","guid":{"rendered":"https:\/\/xlentpay.com\/become-an-ambassador\/"},"modified":"2026-04-20T09:56:04","modified_gmt":"2026-04-20T07:56:04","slug":"become-an-ambassador","status":"publish","type":"page","link":"https:\/\/xlentpay.com\/es\/become-an-ambassador\/","title":{"rendered":"Convi\u00e9rtete en embajador"},"content":{"rendered":"<p>\u00danete a nuestro exclusivo programa de embajadores y crece con XlentPay. Gana recompensas, obt\u00e9n visibilidad y forma parte de una comunidad global que nos ayuda a dar forma al futuro de los pagos digitales.<\/p>\n","protected":false},"excerpt":{"rendered":"<p>\u00danete a nuestro exclusivo programa de embajadores y crece con XlentPay. Gana recompensas, obt\u00e9n visibilidad y forma parte de una&#8230;<\/p>\n","protected":false},"author":1,"featured_media":0,"parent":0,"menu_order":0,"comment_status":"closed","ping_status":"closed","template":"template-ambassador.php","meta":{"inline_featured_image":false,"footnotes":""},"class_list":["post-1406","page","type-page","status-publish","hentry"],"yoast_head":"<!-- This site is optimized with the Yoast SEO plugin v27.4 - https:\/\/yoast.com\/product\/yoast-seo-wordpress\/ -->\n<title>Convi\u00e9rtete en embajador | XlentPay<\/title>\n<meta name=\"robots\" content=\"index, follow, max-snippet:-1, max-image-preview:large, max-video-preview:-1\" \/>\n<link rel=\"canonical\" href=\"https:\/\/xlentpay.com\/es\/become-an-ambassador\/\" \/>\n<meta property=\"og:locale\" content=\"es_ES\" \/>\n<meta property=\"og:type\" content=\"article\" \/>\n<meta property=\"og:title\" content=\"Convi\u00e9rtete en embajador | XlentPay\" \/>\n<meta property=\"og:description\" content=\"\u00danete a nuestro exclusivo programa de embajadores y crece con XlentPay. Gana recompensas, obt\u00e9n visibilidad y forma parte de una...\" \/>\n<meta property=\"og:url\" content=\"https:\/\/xlentpay.com\/es\/become-an-ambassador\/\" \/>\n<meta property=\"og:site_name\" content=\"XlentPay\" \/>\n<meta property=\"article:publisher\" content=\"https:\/\/www.facebook.com\/xlentpay.official\" \/>\n<meta property=\"article:modified_time\" content=\"2026-04-20T07:56:04+00:00\" \/>\n<meta property=\"og:image\" content=\"https:\/\/xlentpay.com\/wp-content\/uploads\/2025\/01\/yoast-img.png\" \/>\n\t<meta property=\"og:image:width\" content=\"1200\" \/>\n\t<meta property=\"og:image:height\" content=\"674\" \/>\n\t<meta property=\"og:image:type\" content=\"image\/png\" \/>\n<meta name=\"twitter:card\" content=\"summary_large_image\" \/>\n<meta name=\"twitter:site\" content=\"@xlentpay\" \/>\n<meta name=\"twitter:label1\" content=\"Tiempo de lectura\" \/>\n\t<meta name=\"twitter:data1\" content=\"1 minuto\" \/>\n<script type=\"application\/ld+json\" class=\"yoast-schema-graph\">{\"@context\":\"https:\\\/\\\/schema.org\",\"@graph\":[{\"@type\":\"WebPage\",\"@id\":\"https:\\\/\\\/xlentpay.com\\\/es\\\/become-an-ambassador\\\/\",\"url\":\"https:\\\/\\\/xlentpay.com\\\/es\\\/become-an-ambassador\\\/\",\"name\":\"Convi\u00e9rtete en embajador | XlentPay\",\"isPartOf\":{\"@id\":\"https:\\\/\\\/xlentpay.com\\\/es\\\/#website\"},\"datePublished\":\"2025-04-25T06:53:47+00:00\",\"dateModified\":\"2026-04-20T07:56:04+00:00\",\"breadcrumb\":{\"@id\":\"https:\\\/\\\/xlentpay.com\\\/es\\\/become-an-ambassador\\\/#breadcrumb\"},\"inLanguage\":\"es\",\"potentialAction\":[{\"@type\":\"ReadAction\",\"target\":[\"https:\\\/\\\/xlentpay.com\\\/es\\\/become-an-ambassador\\\/\"]}]},{\"@type\":\"BreadcrumbList\",\"@id\":\"https:\\\/\\\/xlentpay.com\\\/es\\\/become-an-ambassador\\\/#breadcrumb\",\"itemListElement\":[{\"@type\":\"ListItem\",\"position\":1,\"name\":\"Home\",\"item\":\"https:\\\/\\\/xlentpay.com\\\/es\\\/\"},{\"@type\":\"ListItem\",\"position\":2,\"name\":\"Convi\u00e9rtete en embajador\"}]},{\"@type\":\"WebSite\",\"@id\":\"https:\\\/\\\/xlentpay.com\\\/es\\\/#website\",\"url\":\"https:\\\/\\\/xlentpay.com\\\/es\\\/\",\"name\":\"XlentPay\",\"description\":\"Revolutionizing the Way you Manage Money\",\"publisher\":{\"@id\":\"https:\\\/\\\/xlentpay.com\\\/es\\\/#organization\"},\"potentialAction\":[{\"@type\":\"SearchAction\",\"target\":{\"@type\":\"EntryPoint\",\"urlTemplate\":\"https:\\\/\\\/xlentpay.com\\\/es\\\/?s={search_term_string}\"},\"query-input\":{\"@type\":\"PropertyValueSpecification\",\"valueRequired\":true,\"valueName\":\"search_term_string\"}}],\"inLanguage\":\"es\"},{\"@type\":\"Organization\",\"@id\":\"https:\\\/\\\/xlentpay.com\\\/es\\\/#organization\",\"name\":\"XlentPay Corporation\",\"alternateName\":\"XlentPay\",\"url\":\"https:\\\/\\\/xlentpay.com\\\/es\\\/\",\"logo\":{\"@type\":\"ImageObject\",\"inLanguage\":\"es\",\"@id\":\"https:\\\/\\\/xlentpay.com\\\/es\\\/#\\\/schema\\\/logo\\\/image\\\/\",\"url\":\"https:\\\/\\\/xlentpay.com\\\/wp-content\\\/uploads\\\/2025\\\/01\\\/logo.png\",\"contentUrl\":\"https:\\\/\\\/xlentpay.com\\\/wp-content\\\/uploads\\\/2025\\\/01\\\/logo.png\",\"width\":280,\"height\":120,\"caption\":\"XlentPay Corporation\"},\"image\":{\"@id\":\"https:\\\/\\\/xlentpay.com\\\/es\\\/#\\\/schema\\\/logo\\\/image\\\/\"},\"sameAs\":[\"https:\\\/\\\/www.facebook.com\\\/xlentpay.official\",\"https:\\\/\\\/x.com\\\/xlentpay\",\"https:\\\/\\\/www.instagram.com\\\/xlentpay\",\"https:\\\/\\\/www.linkedin.com\\\/company\\\/xlentpay\"]}]}<\/script>\n<!-- \/ Yoast SEO plugin. -->","yoast_head_json":{"title":"Convi\u00e9rtete en embajador | XlentPay","robots":{"index":"index","follow":"follow","max-snippet":"max-snippet:-1","max-image-preview":"max-image-preview:large","max-video-preview":"max-video-preview:-1"},"canonical":"https:\/\/xlentpay.com\/es\/become-an-ambassador\/","og_locale":"es_ES","og_type":"article","og_title":"Convi\u00e9rtete en embajador | XlentPay","og_description":"\u00danete a nuestro exclusivo programa de embajadores y crece con XlentPay. Gana recompensas, obt\u00e9n visibilidad y forma parte de una...","og_url":"https:\/\/xlentpay.com\/es\/become-an-ambassador\/","og_site_name":"XlentPay","article_publisher":"https:\/\/www.facebook.com\/xlentpay.official","article_modified_time":"2026-04-20T07:56:04+00:00","og_image":[{"width":1200,"height":674,"url":"https:\/\/xlentpay.com\/wp-content\/uploads\/2025\/01\/yoast-img.png","type":"image\/png"}],"twitter_card":"summary_large_image","twitter_site":"@xlentpay","twitter_misc":{"Tiempo de lectura":"1 minuto"},"schema":{"@context":"https:\/\/schema.org","@graph":[{"@type":"WebPage","@id":"https:\/\/xlentpay.com\/es\/become-an-ambassador\/","url":"https:\/\/xlentpay.com\/es\/become-an-ambassador\/","name":"Convi\u00e9rtete en embajador | XlentPay","isPartOf":{"@id":"https:\/\/xlentpay.com\/es\/#website"},"datePublished":"2025-04-25T06:53:47+00:00","dateModified":"2026-04-20T07:56:04+00:00","breadcrumb":{"@id":"https:\/\/xlentpay.com\/es\/become-an-ambassador\/#breadcrumb"},"inLanguage":"es","potentialAction":[{"@type":"ReadAction","target":["https:\/\/xlentpay.com\/es\/become-an-ambassador\/"]}]},{"@type":"BreadcrumbList","@id":"https:\/\/xlentpay.com\/es\/become-an-ambassador\/#breadcrumb","itemListElement":[{"@type":"ListItem","position":1,"name":"Home","item":"https:\/\/xlentpay.com\/es\/"},{"@type":"ListItem","position":2,"name":"Convi\u00e9rtete en embajador"}]},{"@type":"WebSite","@id":"https:\/\/xlentpay.com\/es\/#website","url":"https:\/\/xlentpay.com\/es\/","name":"XlentPay","description":"Revolutionizing the Way you Manage Money","publisher":{"@id":"https:\/\/xlentpay.com\/es\/#organization"},"potentialAction":[{"@type":"SearchAction","target":{"@type":"EntryPoint","urlTemplate":"https:\/\/xlentpay.com\/es\/?s={search_term_string}"},"query-input":{"@type":"PropertyValueSpecification","valueRequired":true,"valueName":"search_term_string"}}],"inLanguage":"es"},{"@type":"Organization","@id":"https:\/\/xlentpay.com\/es\/#organization","name":"XlentPay Corporation","alternateName":"XlentPay","url":"https:\/\/xlentpay.com\/es\/","logo":{"@type":"ImageObject","inLanguage":"es","@id":"https:\/\/xlentpay.com\/es\/#\/schema\/logo\/image\/","url":"https:\/\/xlentpay.com\/wp-content\/uploads\/2025\/01\/logo.png","contentUrl":"https:\/\/xlentpay.com\/wp-content\/uploads\/2025\/01\/logo.png","width":280,"height":120,"caption":"XlentPay Corporation"},"image":{"@id":"https:\/\/xlentpay.com\/es\/#\/schema\/logo\/image\/"},"sameAs":["https:\/\/www.facebook.com\/xlentpay.official","https:\/\/x.com\/xlentpay","https:\/\/www.instagram.com\/xlentpay","https:\/\/www.linkedin.com\/company\/xlentpay"]}]}},"_links":{"self":[{"href":"https:\/\/xlentpay.com\/es\/wp-json\/wp\/v2\/pages\/1406","targetHints":{"allow":["GET"]}}],"collection":[{"href":"https:\/\/xlentpay.com\/es\/wp-json\/wp\/v2\/pages"}],"about":[{"href":"https:\/\/xlentpay.com\/es\/wp-json\/wp\/v2\/types\/page"}],"author":[{"embeddable":true,"href":"https:\/\/xlentpay.com\/es\/wp-json\/wp\/v2\/users\/1"}],"replies":[{"embeddable":true,"href":"https:\/\/xlentpay.com\/es\/wp-json\/wp\/v2\/comments?post=1406"}],"version-history":[{"count":1,"href":"https:\/\/xlentpay.com\/es\/wp-json\/wp\/v2\/pages\/1406\/revisions"}],"predecessor-version":[{"id":1407,"href":"https:\/\/xlentpay.com\/es\/wp-json\/wp\/v2\/pages\/1406\/revisions\/1407"}],"wp:attachment":[{"href":"https:\/\/xlentpay.com\/es\/wp-json\/wp\/v2\/media?parent=1406"}],"curies":[{"name":"wp","href":"https:\/\/api.w.org\/{rel}","templated":true}]}}