{"id":1401,"date":"2025-06-10T15:20:01","date_gmt":"2025-06-10T13:20:01","guid":{"rendered":"https:\/\/xlentpay.com\/approved-communication-channels\/"},"modified":"2026-04-20T09:45:12","modified_gmt":"2026-04-20T07:45:12","slug":"approved-communication-channels","status":"publish","type":"page","link":"https:\/\/xlentpay.com\/es\/approved-communication-channels\/","title":{"rendered":"Canales de comunicaci\u00f3n aprobados"},"content":{"rendered":"<p><span style=\"text-decoration: underline;\">De acuerdo con nuestra Pol\u00edtica de Canales de Comunicaci\u00f3n Aprobados, XlentPay reconoce exclusivamente los siguientes canales de comunicaci\u00f3n como oficiales y autorizados:<\/span><\/p>\n<ol>\n<li><strong>Correo electr\u00f3nico:<\/strong> Las comunicaciones iniciadas o recibidas a trav\u00e9s de las siguientes direcciones de correo electr\u00f3nico corporativas se consideran medios oficiales y seguros de correspondencia:\n<ul style=\"margin: 20px 0;\">\n<li><u><a href=\"mailto:info@xlentpay.com\">info@xlentpay.com<\/a><\/u><\/li>\n<li><u><a href=\"mailto:support@xlentpay.com\">support@xlentpay.com<\/a><\/u><\/li>\n<li><u><a href=\"mailto:compliance@xlentpay.com\">compliance@xlentpay.com<\/a><\/u><\/li>\n<li><u><a href=\"mailto:apps@xlentpay.com\">apps@xlentpay.com<\/a><\/u><\/li>\n<li><a href=\"mailto:privacy@xlentpay.com\">privacy@xlentpay.com<\/a><\/li>\n<li><a href=\"mailto:legal@xlentpay.com\">legal@xlentpay.com<\/a><\/li>\n<\/ul>\n<\/li>\n<li><strong>Comunicaci\u00f3n a trav\u00e9s del CRM o del sitio web:<\/strong> Cualquier comunicaci\u00f3n realizada dentro de nuestro sistema de Gesti\u00f3n de Relaciones con Clientes (CRM) o en el sitio web de la empresa <a href=\"https:\/\/xlentpay.com\/es\/\"><span style=\"text-decoration: underline;\">https:\/\/xlentpay.com<\/span><\/a> se considera un canal aprobado y oficial para las interacciones con la empresa.<\/li>\n<li><strong>Otros canales seg\u00fan lo establecido en la pol\u00edtica:<\/strong> Ocasionalmente, nuestra pol\u00edtica puede identificar canales de comunicaci\u00f3n adicionales como medios oficialmente autorizados de correspondencia.<\/li>\n<\/ol>\n<p>Cualquier comunicaci\u00f3n que se origine o se dirija a XlentPay Corporation a trav\u00e9s de estos canales aprobados debe considerarse leg\u00edtima y autorizada por la empresa. Destacamos la importancia de cumplir con esta pol\u00edtica para garantizar la seguridad, consistencia y cumplimiento de nuestras comunicaciones.<\/p>\n<p>Por favor, tenga en cuenta que XlentPay Corporation declina toda responsabilidad por cualquier comunicaci\u00f3n realizada a trav\u00e9s de canales no reconocidos oficialmente por nuestra Pol\u00edtica de Canales de Comunicaci\u00f3n Aprobados. Los canales no autorizados o no aprobados pueden comprometer la seguridad, la confidencialidad y el cumplimiento normativo.<\/p>\n<p>Al utilizar los canales de comunicaci\u00f3n aprobados de XlentPay, aceptas cumplir con nuestra pol\u00edtica de comunicaci\u00f3n y reconoces la importancia de mantener la seguridad e integridad de nuestras interacciones.<\/p>\n<p>Este aviso sirve como notificaci\u00f3n a todas las partes interesadas, socios, empleados y colaboradores de XlentPay Corporation y se considerar\u00e1 efectivo a partir de su publicaci\u00f3n en nuestro sitio web.<\/p>\n","protected":false},"excerpt":{"rendered":"<p>De acuerdo con nuestra Pol\u00edtica de Canales de Comunicaci\u00f3n Aprobados, XlentPay reconoce exclusivamente los siguientes canales de comunicaci\u00f3n como oficiales&#8230;<\/p>\n","protected":false},"author":1,"featured_media":0,"parent":0,"menu_order":0,"comment_status":"closed","ping_status":"closed","template":"template-text-based.php","meta":{"inline_featured_image":false,"footnotes":""},"class_list":["post-1401","page","type-page","status-publish","hentry"],"yoast_head":"<!-- This site is optimized with the Yoast SEO plugin v27.4 - https:\/\/yoast.com\/product\/yoast-seo-wordpress\/ -->\n<title>Canales de comunicaci\u00f3n aprobados | XlentPay<\/title>\n<meta name=\"robots\" content=\"index, follow, max-snippet:-1, max-image-preview:large, max-video-preview:-1\" \/>\n<link rel=\"canonical\" href=\"https:\/\/xlentpay.com\/es\/approved-communication-channels\/\" \/>\n<meta property=\"og:locale\" content=\"es_ES\" \/>\n<meta property=\"og:type\" content=\"article\" \/>\n<meta property=\"og:title\" content=\"Canales de comunicaci\u00f3n aprobados | XlentPay\" \/>\n<meta property=\"og:description\" content=\"De acuerdo con nuestra Pol\u00edtica de Canales de Comunicaci\u00f3n Aprobados, XlentPay reconoce exclusivamente los siguientes canales de comunicaci\u00f3n como oficiales...\" \/>\n<meta property=\"og:url\" content=\"https:\/\/xlentpay.com\/es\/approved-communication-channels\/\" \/>\n<meta property=\"og:site_name\" content=\"XlentPay\" \/>\n<meta property=\"article:publisher\" content=\"https:\/\/www.facebook.com\/xlentpay.official\" \/>\n<meta property=\"article:modified_time\" content=\"2026-04-20T07:45:12+00:00\" \/>\n<meta property=\"og:image\" content=\"https:\/\/xlentpay.com\/wp-content\/uploads\/2025\/01\/yoast-img.png\" \/>\n\t<meta property=\"og:image:width\" content=\"1200\" \/>\n\t<meta property=\"og:image:height\" content=\"674\" \/>\n\t<meta property=\"og:image:type\" content=\"image\/png\" \/>\n<meta name=\"twitter:card\" content=\"summary_large_image\" \/>\n<meta name=\"twitter:site\" content=\"@xlentpay\" \/>\n<meta name=\"twitter:label1\" content=\"Tiempo de lectura\" \/>\n\t<meta name=\"twitter:data1\" content=\"2 minutos\" \/>\n<script type=\"application\/ld+json\" class=\"yoast-schema-graph\">{\"@context\":\"https:\\\/\\\/schema.org\",\"@graph\":[{\"@type\":\"WebPage\",\"@id\":\"https:\\\/\\\/xlentpay.com\\\/es\\\/approved-communication-channels\\\/\",\"url\":\"https:\\\/\\\/xlentpay.com\\\/es\\\/approved-communication-channels\\\/\",\"name\":\"Canales de comunicaci\u00f3n aprobados | XlentPay\",\"isPartOf\":{\"@id\":\"https:\\\/\\\/xlentpay.com\\\/es\\\/#website\"},\"datePublished\":\"2025-06-10T13:20:01+00:00\",\"dateModified\":\"2026-04-20T07:45:12+00:00\",\"breadcrumb\":{\"@id\":\"https:\\\/\\\/xlentpay.com\\\/es\\\/approved-communication-channels\\\/#breadcrumb\"},\"inLanguage\":\"es\",\"potentialAction\":[{\"@type\":\"ReadAction\",\"target\":[\"https:\\\/\\\/xlentpay.com\\\/es\\\/approved-communication-channels\\\/\"]}]},{\"@type\":\"BreadcrumbList\",\"@id\":\"https:\\\/\\\/xlentpay.com\\\/es\\\/approved-communication-channels\\\/#breadcrumb\",\"itemListElement\":[{\"@type\":\"ListItem\",\"position\":1,\"name\":\"Home\",\"item\":\"https:\\\/\\\/xlentpay.com\\\/es\\\/\"},{\"@type\":\"ListItem\",\"position\":2,\"name\":\"Canales de comunicaci\u00f3n aprobados\"}]},{\"@type\":\"WebSite\",\"@id\":\"https:\\\/\\\/xlentpay.com\\\/es\\\/#website\",\"url\":\"https:\\\/\\\/xlentpay.com\\\/es\\\/\",\"name\":\"XlentPay\",\"description\":\"Revolutionizing the Way you Manage Money\",\"publisher\":{\"@id\":\"https:\\\/\\\/xlentpay.com\\\/es\\\/#organization\"},\"potentialAction\":[{\"@type\":\"SearchAction\",\"target\":{\"@type\":\"EntryPoint\",\"urlTemplate\":\"https:\\\/\\\/xlentpay.com\\\/es\\\/?s={search_term_string}\"},\"query-input\":{\"@type\":\"PropertyValueSpecification\",\"valueRequired\":true,\"valueName\":\"search_term_string\"}}],\"inLanguage\":\"es\"},{\"@type\":\"Organization\",\"@id\":\"https:\\\/\\\/xlentpay.com\\\/es\\\/#organization\",\"name\":\"XlentPay Corporation\",\"alternateName\":\"XlentPay\",\"url\":\"https:\\\/\\\/xlentpay.com\\\/es\\\/\",\"logo\":{\"@type\":\"ImageObject\",\"inLanguage\":\"es\",\"@id\":\"https:\\\/\\\/xlentpay.com\\\/es\\\/#\\\/schema\\\/logo\\\/image\\\/\",\"url\":\"https:\\\/\\\/xlentpay.com\\\/wp-content\\\/uploads\\\/2025\\\/01\\\/logo.png\",\"contentUrl\":\"https:\\\/\\\/xlentpay.com\\\/wp-content\\\/uploads\\\/2025\\\/01\\\/logo.png\",\"width\":280,\"height\":120,\"caption\":\"XlentPay Corporation\"},\"image\":{\"@id\":\"https:\\\/\\\/xlentpay.com\\\/es\\\/#\\\/schema\\\/logo\\\/image\\\/\"},\"sameAs\":[\"https:\\\/\\\/www.facebook.com\\\/xlentpay.official\",\"https:\\\/\\\/x.com\\\/xlentpay\",\"https:\\\/\\\/www.instagram.com\\\/xlentpay\",\"https:\\\/\\\/www.linkedin.com\\\/company\\\/xlentpay\"]}]}<\/script>\n<!-- \/ Yoast SEO plugin. -->","yoast_head_json":{"title":"Canales de comunicaci\u00f3n aprobados | XlentPay","robots":{"index":"index","follow":"follow","max-snippet":"max-snippet:-1","max-image-preview":"max-image-preview:large","max-video-preview":"max-video-preview:-1"},"canonical":"https:\/\/xlentpay.com\/es\/approved-communication-channels\/","og_locale":"es_ES","og_type":"article","og_title":"Canales de comunicaci\u00f3n aprobados | XlentPay","og_description":"De acuerdo con nuestra Pol\u00edtica de Canales de Comunicaci\u00f3n Aprobados, XlentPay reconoce exclusivamente los siguientes canales de comunicaci\u00f3n como oficiales...","og_url":"https:\/\/xlentpay.com\/es\/approved-communication-channels\/","og_site_name":"XlentPay","article_publisher":"https:\/\/www.facebook.com\/xlentpay.official","article_modified_time":"2026-04-20T07:45:12+00:00","og_image":[{"width":1200,"height":674,"url":"https:\/\/xlentpay.com\/wp-content\/uploads\/2025\/01\/yoast-img.png","type":"image\/png"}],"twitter_card":"summary_large_image","twitter_site":"@xlentpay","twitter_misc":{"Tiempo de lectura":"2 minutos"},"schema":{"@context":"https:\/\/schema.org","@graph":[{"@type":"WebPage","@id":"https:\/\/xlentpay.com\/es\/approved-communication-channels\/","url":"https:\/\/xlentpay.com\/es\/approved-communication-channels\/","name":"Canales de comunicaci\u00f3n aprobados | XlentPay","isPartOf":{"@id":"https:\/\/xlentpay.com\/es\/#website"},"datePublished":"2025-06-10T13:20:01+00:00","dateModified":"2026-04-20T07:45:12+00:00","breadcrumb":{"@id":"https:\/\/xlentpay.com\/es\/approved-communication-channels\/#breadcrumb"},"inLanguage":"es","potentialAction":[{"@type":"ReadAction","target":["https:\/\/xlentpay.com\/es\/approved-communication-channels\/"]}]},{"@type":"BreadcrumbList","@id":"https:\/\/xlentpay.com\/es\/approved-communication-channels\/#breadcrumb","itemListElement":[{"@type":"ListItem","position":1,"name":"Home","item":"https:\/\/xlentpay.com\/es\/"},{"@type":"ListItem","position":2,"name":"Canales de comunicaci\u00f3n aprobados"}]},{"@type":"WebSite","@id":"https:\/\/xlentpay.com\/es\/#website","url":"https:\/\/xlentpay.com\/es\/","name":"XlentPay","description":"Revolutionizing the Way you Manage Money","publisher":{"@id":"https:\/\/xlentpay.com\/es\/#organization"},"potentialAction":[{"@type":"SearchAction","target":{"@type":"EntryPoint","urlTemplate":"https:\/\/xlentpay.com\/es\/?s={search_term_string}"},"query-input":{"@type":"PropertyValueSpecification","valueRequired":true,"valueName":"search_term_string"}}],"inLanguage":"es"},{"@type":"Organization","@id":"https:\/\/xlentpay.com\/es\/#organization","name":"XlentPay Corporation","alternateName":"XlentPay","url":"https:\/\/xlentpay.com\/es\/","logo":{"@type":"ImageObject","inLanguage":"es","@id":"https:\/\/xlentpay.com\/es\/#\/schema\/logo\/image\/","url":"https:\/\/xlentpay.com\/wp-content\/uploads\/2025\/01\/logo.png","contentUrl":"https:\/\/xlentpay.com\/wp-content\/uploads\/2025\/01\/logo.png","width":280,"height":120,"caption":"XlentPay Corporation"},"image":{"@id":"https:\/\/xlentpay.com\/es\/#\/schema\/logo\/image\/"},"sameAs":["https:\/\/www.facebook.com\/xlentpay.official","https:\/\/x.com\/xlentpay","https:\/\/www.instagram.com\/xlentpay","https:\/\/www.linkedin.com\/company\/xlentpay"]}]}},"_links":{"self":[{"href":"https:\/\/xlentpay.com\/es\/wp-json\/wp\/v2\/pages\/1401","targetHints":{"allow":["GET"]}}],"collection":[{"href":"https:\/\/xlentpay.com\/es\/wp-json\/wp\/v2\/pages"}],"about":[{"href":"https:\/\/xlentpay.com\/es\/wp-json\/wp\/v2\/types\/page"}],"author":[{"embeddable":true,"href":"https:\/\/xlentpay.com\/es\/wp-json\/wp\/v2\/users\/1"}],"replies":[{"embeddable":true,"href":"https:\/\/xlentpay.com\/es\/wp-json\/wp\/v2\/comments?post=1401"}],"version-history":[{"count":3,"href":"https:\/\/xlentpay.com\/es\/wp-json\/wp\/v2\/pages\/1401\/revisions"}],"predecessor-version":[{"id":1404,"href":"https:\/\/xlentpay.com\/es\/wp-json\/wp\/v2\/pages\/1401\/revisions\/1404"}],"wp:attachment":[{"href":"https:\/\/xlentpay.com\/es\/wp-json\/wp\/v2\/media?parent=1401"}],"curies":[{"name":"wp","href":"https:\/\/api.w.org\/{rel}","templated":true}]}}